{"id":42190,"date":"2020-11-12T06:37:03","date_gmt":"2020-11-12T08:37:03","guid":{"rendered":"https:\/\/www.pasveik.lt\/?page_id=42190"},"modified":"2020-11-16T07:06:55","modified_gmt":"2020-11-16T09:06:55","slug":"sveika-gyvensena","status":"publish","type":"page","link":"https:\/\/www.pasveik.lt\/lt\/sveika-gyvensena\/","title":{"rendered":"Sveika gyvensena"},"content":{"rendered":"\n<div class=\"wp-block-group\"><div class=\"wp-block-group__inner-container is-layout-flow wp-block-group-is-layout-flow\">\n<ul class=\"wp-block-list\" id=\"block-5fe23272-6fd3-4d8c-93da-758bf461a4dd\"><li><a href=\"https:\/\/pasveik.lt\/lt\/gyvenimo-budas\">Gyvenimo b\u016bdas<\/a><\/li><li><a href=\"https:\/\/pasveik.lt\/lt\/manksta-online\">Mank\u0161ta online<\/a><\/li><li><a href=\"https:\/\/pasveik.lt\/lt\/mityba\">Mityba<\/a><\/li><li><a href=\"https:\/\/pasveik.lt\/lt\/gydymo-naujienos\">Gydymo naujienos<\/a><\/li><li><a href=\"https:\/\/pasveik.lt\/lt\/psichologija\">Psichologija<\/a><\/li><li><a href=\"http:\/\/lt\/dietos-ir-sveika-mityba\">Dietos ir sveika mityba<\/a><\/li><li><a href=\"https:\/\/pasveik.lt\/lt\/ekologija-ir-sveikata\">Ekologija ir sveikata<\/a><\/li><li><a href=\"https:\/\/pasveik.lt\/lt\/grozis-ir-sveikata\">Gro\u017eis ir sveikata<\/a><\/li><li><a href=\"https:\/\/pasveik.lt\/lt\/plaukai-makiazas\">Plaukai \/ makia\u017eas<\/a><\/li><li><a href=\"https:\/\/pasveik.lt\/lt\/sportas-ir-sveikata\">Sportas ir sveikata<\/a><\/li><li><a href=\"https:\/\/pasveik.lt\/lt\/odos-prieziura\">Odos prie\u017ei\u016bra<\/a><\/li><li><a href=\"https:\/\/pasveik.lt\/lt\/stilius\">Stilius<\/a><\/li><\/ul>\n<\/div><\/div>\n","protected":false},"excerpt":{"rendered":"<p>Gyvenimo b\u016bdas Mank\u0161ta online Mityba Gydymo naujienos Psichologija Dietos ir sveika mityba Ekologija ir sveikata Gro\u017eis ir sveikata Plaukai \/ makia\u017eas Sportas ir sveikata Odos prie\u017ei\u016bra Stilius<\/p>\n","protected":false},"author":1,"featured_media":0,"parent":0,"menu_order":0,"comment_status":"closed","ping_status":"closed","template":"templates\/menu-lists.php","meta":{"_acf_changed":false,"footnotes":""},"tags":[],"class_list":["post-42190","page","type-page","status-publish","hentry"],"acf":[],"aioseo_notices":[],"_links":{"self":[{"href":"https:\/\/www.pasveik.lt\/lt\/wp-json\/wp\/v2\/pages\/42190","targetHints":{"allow":["GET"]}}],"collection":[{"href":"https:\/\/www.pasveik.lt\/lt\/wp-json\/wp\/v2\/pages"}],"about":[{"href":"https:\/\/www.pasveik.lt\/lt\/wp-json\/wp\/v2\/types\/page"}],"author":[{"embeddable":true,"href":"https:\/\/www.pasveik.lt\/lt\/wp-json\/wp\/v2\/users\/1"}],"replies":[{"embeddable":true,"href":"https:\/\/www.pasveik.lt\/lt\/wp-json\/wp\/v2\/comments?post=42190"}],"version-history":[{"count":0,"href":"https:\/\/www.pasveik.lt\/lt\/wp-json\/wp\/v2\/pages\/42190\/revisions"}],"wp:attachment":[{"href":"https:\/\/www.pasveik.lt\/lt\/wp-json\/wp\/v2\/media?parent=42190"}],"wp:term":[{"taxonomy":"post_tag","embeddable":true,"href":"https:\/\/www.pasveik.lt\/lt\/wp-json\/wp\/v2\/tags?post=42190"}],"curies":[{"name":"wp","href":"https:\/\/api.w.org\/{rel}","templated":true}]}}