{"id":42192,"date":"2020-11-12T06:37:28","date_gmt":"2020-11-12T08:37:28","guid":{"rendered":"https:\/\/www.pasveik.lt\/?page_id=42192"},"modified":"2020-11-16T07:06:51","modified_gmt":"2020-11-16T09:06:51","slug":"sveikata","status":"publish","type":"page","link":"https:\/\/www.pasveik.lt\/lt\/sveikata\/","title":{"rendered":"Sveikata"},"content":{"rendered":"\n<div class=\"wp-block-group\"><div class=\"wp-block-group__inner-container is-layout-flow wp-block-group-is-layout-flow\">\n<ul class=\"wp-block-list\" id=\"block-0e511b6c-a6b2-4089-9d8a-cfb1b5deadce\"><li><a href=\"https:\/\/pasveik.lt\/lt\/menesiniu-skausmas\">M\u0117nesini\u0173 skausmas<\/a><\/li><li><a href=\"https:\/\/pasveik.lt\/lt\/vaiko-psichologija\">Mamoms<\/a><ul><li><a href=\"https:\/\/pasveik.lt\/lt\/vaiko-psichologija\">Vaiko psichologija<\/a><\/li><li><a href=\"https:\/\/pasveik.lt\/lt\/vaiku-mityba\">Vaik\u0173 mityba<\/a><\/li><li><a href=\"https:\/\/pasveik.lt\/lt\/auklejimas\">Aukl\u0117jimas<\/a><\/li><li><a href=\"https:\/\/pasveik.lt\/lt\/vaiku-ligos\">Vaik\u0173 ligos<\/a><\/li><li><a href=\"https:\/\/pasveik.lt\/lt\/seima\">\u0160eima<\/a><\/li><li><a href=\"https:\/\/pasveik.lt\/lt\/laisvalaikis\">Laisvalaikis<\/a><\/li><li><a href=\"https:\/\/pasveik.lt\/lt\/patarimai\">Patarimai<\/a><\/li><\/ul><\/li><li><a href=\"https:\/\/pasveik.lt\/lt\/kraujo-grupes\">Kraujo grup\u0117s<\/a><\/li><li><a href=\"https:\/\/pasveik.lt\/lt\/anatomija\">Anatomija<\/a><\/li><li><a href=\"https:\/\/pasveik.lt\/lt\/kelioniu-vaistinele\">Kelioni\u0173 vaistin\u0117l\u0117<\/a><\/li><li><a href=\"https:\/\/pasveik.lt\/lt\/informacija-keliaujantiems\">Informacija keliaujantiems<\/a><\/li><li><a href=\"https:\/\/pasveik.lt\/lt\/testai\">Sveikatos testai<\/a><\/li><li><a href=\"https:\/\/pasveik.lt\/lt\/biblioteka\">Medicinos biblioteka<\/a><\/li><li><a href=\"https:\/\/pasveik.lt\/lt\/anekdotai\">Anekdotai<\/a><\/li><\/ul>\n<\/div><\/div>\n","protected":false},"excerpt":{"rendered":"<p>M\u0117nesini\u0173 skausmas Mamoms Vaiko psichologija Vaik\u0173 mityba Aukl\u0117jimas Vaik\u0173 ligos \u0160eima Laisvalaikis Patarimai Kraujo grup\u0117s Anatomija Kelioni\u0173 vaistin\u0117l\u0117 Informacija keliaujantiems Sveikatos testai Medicinos biblioteka Anekdotai<\/p>\n","protected":false},"author":1,"featured_media":0,"parent":0,"menu_order":0,"comment_status":"closed","ping_status":"closed","template":"templates\/menu-lists.php","meta":{"_acf_changed":false,"footnotes":""},"tags":[],"class_list":["post-42192","page","type-page","status-publish","hentry"],"acf":[],"aioseo_notices":[],"_links":{"self":[{"href":"https:\/\/www.pasveik.lt\/lt\/wp-json\/wp\/v2\/pages\/42192","targetHints":{"allow":["GET"]}}],"collection":[{"href":"https:\/\/www.pasveik.lt\/lt\/wp-json\/wp\/v2\/pages"}],"about":[{"href":"https:\/\/www.pasveik.lt\/lt\/wp-json\/wp\/v2\/types\/page"}],"author":[{"embeddable":true,"href":"https:\/\/www.pasveik.lt\/lt\/wp-json\/wp\/v2\/users\/1"}],"replies":[{"embeddable":true,"href":"https:\/\/www.pasveik.lt\/lt\/wp-json\/wp\/v2\/comments?post=42192"}],"version-history":[{"count":0,"href":"https:\/\/www.pasveik.lt\/lt\/wp-json\/wp\/v2\/pages\/42192\/revisions"}],"wp:attachment":[{"href":"https:\/\/www.pasveik.lt\/lt\/wp-json\/wp\/v2\/media?parent=42192"}],"wp:term":[{"taxonomy":"post_tag","embeddable":true,"href":"https:\/\/www.pasveik.lt\/lt\/wp-json\/wp\/v2\/tags?post=42192"}],"curies":[{"name":"wp","href":"https:\/\/api.w.org\/{rel}","templated":true}]}}