{"id":42200,"date":"2020-11-12T06:39:31","date_gmt":"2020-11-12T08:39:31","guid":{"rendered":"https:\/\/www.pasveik.lt\/?page_id=42200"},"modified":"2021-05-06T10:36:30","modified_gmt":"2021-05-06T12:36:30","slug":"reklama","status":"publish","type":"page","link":"https:\/\/www.pasveik.lt\/lt\/reklama\/","title":{"rendered":"Reklama"},"content":{"rendered":"\n<p>D\u0117l straipsni\u0173, nuorod\u0173\u00a0, reklam\u0173  patalpinimo ra\u0161ykite\u00a0info@sveikaszmogus.lt<\/p>\n\n\n\n<p><\/p>\n","protected":false},"excerpt":{"rendered":"<p>D\u0117l straipsni\u0173, nuorod\u0173\u00a0, reklam\u0173 patalpinimo ra\u0161ykite\u00a0info@sveikaszmogus.lt<\/p>\n","protected":false},"author":1,"featured_media":0,"parent":0,"menu_order":0,"comment_status":"closed","ping_status":"closed","template":"","meta":{"_acf_changed":false,"footnotes":""},"tags":[],"class_list":["post-42200","page","type-page","status-publish","hentry"],"acf":[],"aioseo_notices":[],"_links":{"self":[{"href":"https:\/\/www.pasveik.lt\/lt\/wp-json\/wp\/v2\/pages\/42200","targetHints":{"allow":["GET"]}}],"collection":[{"href":"https:\/\/www.pasveik.lt\/lt\/wp-json\/wp\/v2\/pages"}],"about":[{"href":"https:\/\/www.pasveik.lt\/lt\/wp-json\/wp\/v2\/types\/page"}],"author":[{"embeddable":true,"href":"https:\/\/www.pasveik.lt\/lt\/wp-json\/wp\/v2\/users\/1"}],"replies":[{"embeddable":true,"href":"https:\/\/www.pasveik.lt\/lt\/wp-json\/wp\/v2\/comments?post=42200"}],"version-history":[{"count":0,"href":"https:\/\/www.pasveik.lt\/lt\/wp-json\/wp\/v2\/pages\/42200\/revisions"}],"wp:attachment":[{"href":"https:\/\/www.pasveik.lt\/lt\/wp-json\/wp\/v2\/media?parent=42200"}],"wp:term":[{"taxonomy":"post_tag","embeddable":true,"href":"https:\/\/www.pasveik.lt\/lt\/wp-json\/wp\/v2\/tags?post=42200"}],"curies":[{"name":"wp","href":"https:\/\/api.w.org\/{rel}","templated":true}]}}