{"id":42202,"date":"2020-11-12T06:39:51","date_gmt":"2020-11-12T08:39:51","guid":{"rendered":"https:\/\/www.pasveik.lt\/?page_id=42202"},"modified":"2021-05-06T10:35:45","modified_gmt":"2021-05-06T12:35:45","slug":"kontaktai","status":"publish","type":"page","link":"https:\/\/www.pasveik.lt\/lt\/kontaktai\/","title":{"rendered":"Kontaktai"},"content":{"rendered":"\n<p>Tur\u0117dami klausim\u0173, pasi\u016blym\u0173, pageidavim\u0173, ra\u0161ykite mums\u00a0info@sveikaszmogus.lt<\/p>\n\n\n\n<p>Svetain\u0117s valdytojas V\u0161\u012f &nbsp;&#8222;Nacionalinis mokym\u0173 centras&#8221;&nbsp;Nemen\u010din\u0117s pl. 4E-104, LT-10109 Vilnius<\/p>\n","protected":false},"excerpt":{"rendered":"<p>Tur\u0117dami klausim\u0173, pasi\u016blym\u0173, pageidavim\u0173, ra\u0161ykite mums\u00a0info@sveikaszmogus.lt Svetain\u0117s valdytojas V\u0161\u012f &nbsp;&#8222;Nacionalinis mokym\u0173 centras&#8221;&nbsp;Nemen\u010din\u0117s pl. 4E-104, LT-10109 Vilnius<\/p>\n","protected":false},"author":1,"featured_media":0,"parent":0,"menu_order":0,"comment_status":"closed","ping_status":"closed","template":"","meta":{"_acf_changed":false,"footnotes":""},"tags":[],"class_list":["post-42202","page","type-page","status-publish","hentry"],"acf":[],"aioseo_notices":[],"_links":{"self":[{"href":"https:\/\/www.pasveik.lt\/lt\/wp-json\/wp\/v2\/pages\/42202","targetHints":{"allow":["GET"]}}],"collection":[{"href":"https:\/\/www.pasveik.lt\/lt\/wp-json\/wp\/v2\/pages"}],"about":[{"href":"https:\/\/www.pasveik.lt\/lt\/wp-json\/wp\/v2\/types\/page"}],"author":[{"embeddable":true,"href":"https:\/\/www.pasveik.lt\/lt\/wp-json\/wp\/v2\/users\/1"}],"replies":[{"embeddable":true,"href":"https:\/\/www.pasveik.lt\/lt\/wp-json\/wp\/v2\/comments?post=42202"}],"version-history":[{"count":0,"href":"https:\/\/www.pasveik.lt\/lt\/wp-json\/wp\/v2\/pages\/42202\/revisions"}],"wp:attachment":[{"href":"https:\/\/www.pasveik.lt\/lt\/wp-json\/wp\/v2\/media?parent=42202"}],"wp:term":[{"taxonomy":"post_tag","embeddable":true,"href":"https:\/\/www.pasveik.lt\/lt\/wp-json\/wp\/v2\/tags?post=42202"}],"curies":[{"name":"wp","href":"https:\/\/api.w.org\/{rel}","templated":true}]}}