{"id":42210,"date":"2020-11-12T06:41:47","date_gmt":"2020-11-12T08:41:47","guid":{"rendered":"https:\/\/www.pasveik.lt\/?page_id=42210"},"modified":"2020-11-12T06:41:48","modified_gmt":"2020-11-12T08:41:48","slug":"pagal-liga-ar-organu-sistema","status":"publish","type":"page","link":"https:\/\/www.pasveik.lt\/lt\/pagal-liga-ar-organu-sistema\/","title":{"rendered":"Vaistai pagal lig\u0105 ar organ\u0173 sistem\u0105"},"content":{"rendered":"","protected":false},"excerpt":{"rendered":"","protected":false},"author":1,"featured_media":0,"parent":0,"menu_order":0,"comment_status":"closed","ping_status":"closed","template":"templates\/drug-by-organ.php","meta":{"_acf_changed":false,"footnotes":""},"tags":[],"class_list":["post-42210","page","type-page","status-publish","hentry"],"acf":[],"aioseo_notices":[],"_links":{"self":[{"href":"https:\/\/www.pasveik.lt\/lt\/wp-json\/wp\/v2\/pages\/42210","targetHints":{"allow":["GET"]}}],"collection":[{"href":"https:\/\/www.pasveik.lt\/lt\/wp-json\/wp\/v2\/pages"}],"about":[{"href":"https:\/\/www.pasveik.lt\/lt\/wp-json\/wp\/v2\/types\/page"}],"author":[{"embeddable":true,"href":"https:\/\/www.pasveik.lt\/lt\/wp-json\/wp\/v2\/users\/1"}],"replies":[{"embeddable":true,"href":"https:\/\/www.pasveik.lt\/lt\/wp-json\/wp\/v2\/comments?post=42210"}],"version-history":[{"count":0,"href":"https:\/\/www.pasveik.lt\/lt\/wp-json\/wp\/v2\/pages\/42210\/revisions"}],"wp:attachment":[{"href":"https:\/\/www.pasveik.lt\/lt\/wp-json\/wp\/v2\/media?parent=42210"}],"wp:term":[{"taxonomy":"post_tag","embeddable":true,"href":"https:\/\/www.pasveik.lt\/lt\/wp-json\/wp\/v2\/tags?post=42210"}],"curies":[{"name":"wp","href":"https:\/\/api.w.org\/{rel}","templated":true}]}}