{"id":44511,"date":"2020-11-24T05:50:56","date_gmt":"2020-11-24T07:50:56","guid":{"rendered":"https:\/\/www.pasveik.lt\/?page_id=44511"},"modified":"2020-11-24T05:50:57","modified_gmt":"2020-11-24T07:50:57","slug":"menesiniu-skausmas","status":"publish","type":"page","link":"https:\/\/www.pasveik.lt\/lt\/menesiniu-skausmas\/","title":{"rendered":"M\u0117nesini\u0173 skausmas"},"content":{"rendered":"\n<div class=\"wp-block-columns is-layout-flex wp-container-core-columns-is-layout-9d6595d7 wp-block-columns-is-layout-flex\">\n<div class=\"wp-block-column is-layout-flow wp-block-column-is-layout-flow\">\n<figure class=\"wp-block-image size-large\"><img loading=\"lazy\" decoding=\"async\" width=\"500\" height=\"334\" src=\"https:\/\/pasveik.lt\/wp-content\/uploads\/2020\/11\/menesiniu_skausmas_2_2.jpg\" alt=\"\" class=\"wp-image-44512\" srcset=\"https:\/\/www.pasveik.lt\/wp-content\/uploads\/2020\/11\/menesiniu_skausmas_2_2.jpg 500w, https:\/\/www.pasveik.lt\/wp-content\/uploads\/2020\/11\/menesiniu_skausmas_2_2-300x200.jpg 300w\" sizes=\"auto, (max-width: 500px) 100vw, 500px\" \/><\/figure>\n<\/div>\n\n\n\n<div class=\"wp-block-column is-layout-flow wp-block-column-is-layout-flow\"><div class=\"ipsContainer container-block\">\r\n    <p><strong>\u00a0Kas yra m\u0117nesini\u0173 skausmas?<\/strong><\/p>\n<p>Tai pilvo apatin\u0117s dalies spazminiai skausmai, da\u017eniausiai plintantys \u012f kojas ar \u0161launis. Paprastai kyla prasid\u0117jus m\u0117nesin\u0117ms, bet galimi ir 1\u20132 dienas prie\u0161 jas. Trunka 1\u20133 dienas. Skausmo stiprumas gali kisti.<\/p>\n<p><strong>Ar skausm\u0105 lydi kiti sutrikimai?<\/strong><br \/>\nDauguma moter\u0173 skund\u017eiasi ne tik skausmu, bet ir kitais negalavimais, pvz., galvos skausmais, nuovargiu, pykinimu, viduriavimu.<\/p>\n    <\/div>\r\n<\/div>\n<\/div>\n\n\n\n<div class=\"wp-block-columns is-layout-flex wp-container-core-columns-is-layout-9d6595d7 wp-block-columns-is-layout-flex\">\n<div class=\"wp-block-column is-layout-flow wp-block-column-is-layout-flow\"><div class=\"ipsContainer container-block\">\r\n    <p><b>Kam pasirei\u0161kia m\u0117nesini\u0173 skausmas?<\/b><\/p>\n<p>Daugelis moter\u0173 m\u0117nesini\u0173 metu jau\u010dia skausm\u0105, bet paprastai jis b\u016bna lengvas. 1 i\u0161 10 pacien\u010di\u0173 skausmas yra toks stiprus, jog sutrinka kasdien\u0117 veikla. Skausmingos m\u0117nesin\u0117s da\u017eniausiai vargina paaugles, jaunas moteris. Kuo moterys vyresn\u0117s, tuo skausming\u0173 m\u0117nesini\u0173 da\u017enumas ma\u017eesnis.<\/p>\n    <\/div>\r\n<\/div>\n\n\n\n<div class=\"wp-block-column is-layout-flow wp-block-column-is-layout-flow\">\n<figure class=\"wp-block-image size-large\"><img loading=\"lazy\" decoding=\"async\" width=\"500\" height=\"334\" src=\"https:\/\/pasveik.lt\/wp-content\/uploads\/2020\/11\/menesines_2.jpg\" alt=\"\" class=\"wp-image-44513\" srcset=\"https:\/\/www.pasveik.lt\/wp-content\/uploads\/2020\/11\/menesines_2.jpg 500w, https:\/\/www.pasveik.lt\/wp-content\/uploads\/2020\/11\/menesines_2-300x200.jpg 300w\" sizes=\"auto, (max-width: 500px) 100vw, 500px\" \/><\/figure>\n<\/div>\n<\/div>\n\n\n\n<div class=\"wp-block-columns is-layout-flex wp-container-core-columns-is-layout-9d6595d7 wp-block-columns-is-layout-flex\">\n<div class=\"wp-block-column is-layout-flow wp-block-column-is-layout-flow\">\n<figure class=\"wp-block-image size-large\"><img loading=\"lazy\" decoding=\"async\" width=\"500\" height=\"389\" src=\"https:\/\/pasveik.lt\/wp-content\/uploads\/2020\/11\/Dolmen_3_2.jpg\" alt=\"\" class=\"wp-image-44514\" srcset=\"https:\/\/www.pasveik.lt\/wp-content\/uploads\/2020\/11\/Dolmen_3_2.jpg 500w, https:\/\/www.pasveik.lt\/wp-content\/uploads\/2020\/11\/Dolmen_3_2-300x233.jpg 300w\" sizes=\"auto, (max-width: 500px) 100vw, 500px\" \/><\/figure>\n<\/div>\n\n\n\n<div class=\"wp-block-column is-layout-flow wp-block-column-is-layout-flow\"><div class=\"ipsContainer container-block\">\r\n    <p><strong>\u00a0Kaip galima su\u0161velninti m\u0117nesini\u0173 skausm\u0105?<\/strong><\/p>\n<p>Kai kurioms moterims skausm\u0105 palengvina kar\u0161ta vonia, ant pilvo apa\u010dios laikomos \u0161ilum\u0105 skleid\u017eian\u010dios priemon\u0117s (pvz.: kar\u0161to vandens butelis, \u0161ildomoji p\u016bsl\u0117 ir pan.).<\/p>\n<p><strong>Kada reik\u0117t\u0173 sunerimti?<\/strong><\/p>\n<p>\u2022 pirm\u0105 kart\u0105 skausmai pasirei\u0161kia esant 30\u201340 met\u0173;<br \/>\n\u2022 be skausmo yra kit\u0173 po\u017eymi\u0173, pvz.: pakit\u0119s kraujavimas, skausmas tarp cikl\u0173, mak\u0161ties i\u0161skyros, skausmas ar kraujavimas po lytinio akto, ar pacient\u0117 mano, jog yra u\u017esikr\u0117tusi lyti\u0161kai plintan\u010dia liga;<br \/>\n\u2022 skausmo ne\u012fmanoma numal\u0161inti vaistais.<\/p>\n    <\/div>\r\n<\/div>\n<\/div>\n\n\n<div class=\"ipsContainer container-block\">\r\n    <h3 style=\"text-align: center;\">DOLMEN &#8211; greitai numal\u0161ina\u00a0 m\u0117nesini\u0173 skausm\u0105.<\/h3>\n    <\/div>\r\n\n\n<div class=\"ipsContainer container-block\">\r\n    <p style=\"text-align: center;\"><img loading=\"lazy\" decoding=\"async\" src=\"https:\/\/pasveik.lt\/wp-content\/uploads\/2020\/11\/Dolmen_tab_.jpg\" alt=\"pasveik.lt\" width=\"318\" height=\"147\" \/><a href=\"https:\/\/www.pasveik.lt\/lt\/vaistai\/dolmen\/9707\/\" target=\"_blank\" rel=\"noopener\"><strong>DOLMEN,<\/strong>\u00a0<b>25mg, pl\u0117vele dengtos tablet\u0117s<\/b><\/a><img loading=\"lazy\" decoding=\"async\" style=\"display: block; margin-left: auto; margin-right: auto;\" src=\"https:\/\/pasveik.lt\/wp-content\/uploads\/2020\/11\/Dolmen-1.jpg\" alt=\"pasveik.lt\" width=\"355\" height=\"186\" \/><strong><a href=\"https:\/\/www.pasveik.lt\/lt\/vaistai\/dolmen\/11052\/\" target=\"_blank\" rel=\"noopener\">DOLMEN, 25mg, granul\u0117s geriam\u0105jam tirpalui<\/a><\/strong><\/p>\n<p style=\"text-align: justify;\">Dolmen. Nereceptinis vaistas. Veiklioji med\u017eiaga. Deksketoprofeno trometamolis (dexketoprofenum). Vienoje pl\u0117vele dengtoje tablet\u0117je\/ granuli\u0173 geriamajam tirpalui paket\u0117lyje yra 25 mg deksketoprofeno. Vaisto forma. Pl\u0117vele dengtos tablet\u0117s \/ granul\u0117s geriamajam tirpalui. Pakuot\u0117. Po 10 table\u010di\u0173\/ po 10 paket\u0117li\u0173 granuli\u0173. Indikacijos. Dolmen vartojamas trumpalaikiam simptominiam lengvo ir vidutinio stiprumo \u016bminiam skausmui, tokiam kaip raumen\u0173, s\u0105nari\u0173 ir kaul\u0173 skausmui, skausming\u0173 m\u0117nesini\u0173 (dismenorejos), dant\u0173 skausmui mal\u0161inti. Dozavimas. Atsi\u017evelgiant i skausmo prie\u017eastis ir intensyvum\u0105, rekomenduojama gerti: po 1 tablet\u0119 \/ paket\u0117l\u012f 1-3 kartus per dien\u0105 kas 8 valandas. Did\u017eiausia paros doz\u0117 neturi b\u016bti didesn\u0117 kaip 3 tablet\u0117s\/ paket\u0117liai. Jei esate senyvo am\u017eiaus ar sergate inkst\u0173, kepen\u0173 ligomis, prad\u0117kite vartoti ne daugiau kaip 2 tabletes\/ paket\u0117lius per par\u0105. Vartojimo b\u016bdas. Jei vartojate granules, vis\u0105 paket\u0117lio turin\u012f i\u0161tirpinkite stiklin\u0117je vandens, suplakite. I\u0161gerkite nedelsiant. Jeigu jau\u010diate intensyv\u0173 skausm\u0105 ir reikia j\u012f grei\u010diau nuslopinti, vaist\u0105 vartokite prie\u0161 valgyma (ne v\u0117liau kaip prie\u0161 15-30 min.). Poveikis prasideda po 30 min. pavartojus vaisto. Skausm\u0105 mal\u0161inantis poveikis trunka 4-6 valandas. \u0160io vaisto netur\u0117t\u0173 vartoti vaikai ir paaugliai (jaunesni kaip 18 met\u0173). Kontraindikacijos. Padid\u0117j\u0119s jautrumas deksketoprofenui, kitiems nesteroidiniams vaistams nuo u\u017edegimo, aspirinui; vartojant ketoprofeno ar fibrat\u0173, buv\u0119 fotoalergin\u0117s ar fototoksin\u0117s reakcijos; pepsin\u0117 opa, buv\u0119s kraujavimas i\u0161 vir\u0161kinamojo trakto, l\u0117tiniai vir\u0161kinimo sutrikimai bei l\u0117tin\u0117s vir\u0161kinamojo trakto ligos; sunkus \u0161irdies nepakankamumas, vidutinio sunkumo arba sunkus inkst\u0173 funkcijos, sunkus kepen\u0173 veiklos sutrikimas; esant sunkiai dehidratacijai; ne\u0161tumas bei \u017eindymo laikotarpis. \u012esp\u0117jimai. Vaist\u0105 atsargiai turi vartoti vyresnio am\u017eiaus ligoniai, sergantieji alergija, astma, \u0161irdies, inkst\u0173, kepen\u0173 ligomis, hipertenzija, sistemine raudon\u0105ja vilklige, cukriniu diabetu, ivairiomis jungiamojo audinio ligomis, sutrikus kraujodarai; vartojant \u0161lapimo i\u0161siskyrim\u0105 skatinan\u010dius vaistus ar netekus daug skysci\u0173. Pasitarkite su gydytoju jei vartojate kit\u0173 vaist\u0173: geriam\u0173j\u0173 steroidini\u0173, nuo depresijos, apsaugan\u010di\u0173 nuo kraujo kre\u0161umo. Jeigu gydytojas Jums yra sak\u0119s, kad netoleruojate koki\u0173 nors angliavandeni\u0173, kreipkit\u0117s \u012f j\u012f prie\u0161 prad\u0117dami vartoti \u0161\u012f vaist\u0105. Sud\u0117tyje yra 2,40 \u2013 2,44 g sacharoz\u0117s vienoje doz\u0117je. \u012e tai tur\u0117t\u0173 atsi\u017evelgti pacientai, sergantys cukriniu diabetu.<\/p>\n<p style=\"text-align: justify;\">Pra\u0161ome \u012fd\u0117miai perskaityti pakuot\u0117s lapel\u012f ir vaist\u0105 vartoti kaip nurodyta. Netinkamai vartojamas vaistas gali pakenkti J\u016bs\u0173 sveikatai. Jei simptomai nepraeina ar atsirado \u0161alutinis poveikis, d\u0117l tolesnio vaisto vartojimo b\u016btina pasitarti su gydytoju ar vaistininku. Jeigu \u012ftariate, kad Jums pasirei\u0161k\u0117 \u0161alutinis poveikis, apie j\u012f prane\u0161kite savo gydytojui, vaistininkui ar Valstybinei vaist\u0173 kontrol\u0117s tarnybai prie Lietuvos Respublikos sveikatos apsaugos ministerijos el. pa\u0161tu NepageidaujamaR@vvkt.lt arba kitais b\u016bdais, kaip nurodyta jos interneto svetain\u0117je <a href=\"http:\/\/www.vvkt.lt%C3%82\">www.vvkt.lt\u00a0<\/a><\/p>\n<p>Reklamos paruo\u0161imo data: 2019m. baland\u017eio m\u0117n.<\/p>\n<p><img loading=\"lazy\" decoding=\"async\" src=\"https:\/\/pasveik.lt\/wp-content\/uploads\/2020\/11\/logo_BCM__1-1.jpg\" alt=\"pasveik.lt\" width=\"144\" height=\"40\" \/><\/p>\n<p>UAB \u201eBERLIN CHEMIE MENARINI BALTIC\u201c<br \/>\nJasinskio g. 16a, Vilnius Lt-03163, tel. +370 5 269 19 47, <a href=\"mailto:LT@berlin-chemie.com\">LT@berlin-chemie.com<\/a><\/p>\n    <\/div>\r\n","protected":false},"excerpt":{"rendered":"","protected":false},"author":1,"featured_media":0,"parent":0,"menu_order":0,"comment_status":"closed","ping_status":"closed","template":"templates\/no-container.php","meta":{"_acf_changed":false,"footnotes":""},"tags":[],"class_list":["post-44511","page","type-page","status-publish","hentry"],"acf":[],"aioseo_notices":[],"_links":{"self":[{"href":"https:\/\/www.pasveik.lt\/lt\/wp-json\/wp\/v2\/pages\/44511","targetHints":{"allow":["GET"]}}],"collection":[{"href":"https:\/\/www.pasveik.lt\/lt\/wp-json\/wp\/v2\/pages"}],"about":[{"href":"https:\/\/www.pasveik.lt\/lt\/wp-json\/wp\/v2\/types\/page"}],"author":[{"embeddable":true,"href":"https:\/\/www.pasveik.lt\/lt\/wp-json\/wp\/v2\/users\/1"}],"replies":[{"embeddable":true,"href":"https:\/\/www.pasveik.lt\/lt\/wp-json\/wp\/v2\/comments?post=44511"}],"version-history":[{"count":0,"href":"https:\/\/www.pasveik.lt\/lt\/wp-json\/wp\/v2\/pages\/44511\/revisions"}],"wp:attachment":[{"href":"https:\/\/www.pasveik.lt\/lt\/wp-json\/wp\/v2\/media?parent=44511"}],"wp:term":[{"taxonomy":"post_tag","embeddable":true,"href":"https:\/\/www.pasveik.lt\/lt\/wp-json\/wp\/v2\/tags?post=44511"}],"curies":[{"name":"wp","href":"https:\/\/api.w.org\/{rel}","templated":true}]}}