{"id":44524,"date":"2015-05-18T00:00:00","date_gmt":"2015-05-18T00:00:00","guid":{"rendered":""},"modified":"2020-11-24T06:00:04","modified_gmt":"2020-11-24T08:00:04","slug":"gimdymas","status":"publish","type":"page","link":"https:\/\/www.pasveik.lt\/lt\/nestumas\/gimdymas\/","title":{"rendered":"Gimdymas"},"content":{"rendered":"<p style=\"text-align: justify;\"><b>N\u0117\u0161\u010diosios parengimas gimdyti<\/b><\/p>\n<p style=\"text-align: justify;\">Aku\u0161eri\u0173 ginekolog\u0173, \u0161eimos gydytoj\u0173, taip pat aku\u0161eri\u0173 darbas neapsiriboja tik antenataline n\u0117\u0161\u010diosios prie\u017ei\u016bra ar n\u0117\u0161tumo patologijos diagnostika. B\u016btina daug laiko ir \u017eini\u0173 skirti psichoprofilaktiniam n\u0117\u0161\u010diosios parengimui. T\u0105 reikia daryti nuo pat n\u0117\u0161tumo prad\u017eios. N\u0117\u0161\u010di\u0173j\u0173 prie\u017ei\u016bros ambulatorin\u0117je grandyje (moter\u0173 konsultacijose, \u0161eimos gydytoj\u0173 centruose ir kt.) organizuojami 4\u20136 u\u017esi\u0117mim\u0173 kursai n\u0117\u0161\u010diosioms ir j\u0173 \u0161eimos nariams. J\u0173 metu n\u0117\u0161\u010diosios supa\u017eindinamos su n\u0117\u0161tumo ir gimdymo fiziologija, mokomos, kaip turi elgtis gimdymo metu, taip pat speciali\u0173 pratim\u0173 gimdymo skausmui mal\u0161inti. U\u017esi\u0117mim\u0173 metu demonstruojami special\u016bs vaizdo filmai, rodomi paveikslai ir mulia\u017eai. Pageidautina, kad kelis ar visus u\u017esi\u0117mimus lankyt\u0173 b\u016bsimojo vaiko t\u0117vas. I\u0161klaus\u0119s paskaitas, vyras geriau pasirengs psichologi\u0161kai<\/p>\n<p style=\"text-align: justify;\">\u0160eimos pagaus\u0117jimui, gal\u0117s daugiau pad\u0117ti gimdan\u010diai moteriai. Svarbiausias \u0161i\u0173 kurs\u0173 tikslas \u2013 pa\u0161alinti gimdymo baim\u0119. Tam reikia parengti n\u0117\u0161\u010di\u0105j\u0105 psichologi\u0161kai ir fizi\u0161kai. Baim\u0117 nat\u016braliai skatina apsigynimo reakcij\u0105, sukelia \u012ftamp\u0105, raumen\u0173 spazminius susitraukimus ir skausm\u0105. Pa\u0161alinti \u201ebaim\u0117s\u201c sindrom\u0105 galima tik i\u0161siai\u0161kinus, kuo pagr\u012fsta n\u0117\u0161\u010diosios baim\u0117.<\/p>\n<p style=\"text-align: justify;\"><b>\u00a0<\/b><b>Pirmojo <\/b>u\u017esi\u0117mimo metu n\u0117\u0161\u010diajai reikia papasakotiapie tai, i\u0161 kur kyla skausmas gimdant ir nuo ko jis priklauso, kaip skausmo jutimas susij\u0119s su galvos smegen\u0173 \u017eiev\u0117s funkcine b\u016bkle. Be to, b\u016btina i\u0161siai\u0161kinti n\u0117\u0161\u010diosios somatin\u0119, aku\u0161erin\u0119, neurologin\u0119 b\u016bkl\u0119, \u012fvertinti jos po\u017ei\u016br\u012f \u012f n\u0117\u0161tum\u0105, b\u016bsim\u0105 gimdym\u0105. Negalima pamir\u0161ti, kad skausmo jutimas priklauso nuo objektyvi\u0173 ir nuo subjektyvi\u0173 veiksni\u0173: nuo gimdymo veiklos pob\u016bd\u017eio, gimdymo tak\u0173 b\u016bkl\u0117s, skausmo slenks\u010dio (kiekvieno \u017emogaus jis yra skirtingas), taip pat nuo jautrumo, psichologinio nusiteikimo bei kit\u0173 individuali\u0173 moters savybi\u0173. Jei pirmojo u\u017esi\u0117mimo metu u\u017esimezga geras kontaktas tarp gydytojo (ar aku\u0161er\u0117s) ir n\u0117\u0161\u010diosios, moteris \u012fgauna daugiau pasitik\u0117jimo ir be didesn\u0117s baim\u0117s laukia gimdymo.<\/p>\n<p style=\"text-align: justify;\"><b>\u00a0<\/b><b>Antrojo <\/b>u\u017esi\u0117mimo metu reikia ai\u0161kiai papasakoti apie n\u0117\u0161tumo eig\u0105, n\u0117\u0161\u010diosios organizme vykstan\u010dius fiziologinius poky\u010dius. N\u0117\u0161\u010dioji turi \u017einoti, kad jos gyvenimo ritmas ir re\u017eimas, mityba beveik neturi skirtis nuo jai \u012fprasto gyvenimo b\u016bdo, ta\u010diau turi tam tikr\u0173 ypatum\u0173 \u2013 ji da\u017eniau ir ilgiau turi ils\u0117tis, kasdien pasivaik\u0161\u010dioti gryname ore, ilgiau miegoti. N\u0117\u0161tumo metu labiau prakaituojama, pagaus\u0117ja i\u0161skyr\u0173 i\u0161 lyties organ\u0173, tod\u0117l b\u016btina priminti n\u0117\u0161\u010diajai asmens higienos taisykles. Kr\u016btis b\u016bsimam k\u016bdikio maitinimui reikia rengti i\u0161 anksto. Rekomenduojama kasdien jas apiplauti drungnu vandeniu, galima lengvai pamasa\u017euoti, \u012ftrinti maitinamuoju\u00a0kremu ar losjonu. Tai skatina kraujo apykait\u0105, stiprina pieno liaukas. Speneliai gr\u016bdinami \u0161luostantis po du\u0161o sausu \u0161iurk\u0161\u010diu rank\u0161luos\u010diu. I\u0161vengti n\u0117\u0161tumo dr\u016b\u017ei\u0173 ne visuomet pavyksta, tai priklauso nuo moters \u012fmy\u010dio b\u016bkl\u0117s, odos elastingumo. Antrojoje n\u0117\u0161tumo pus\u0117je galima atlikti \u0161veln\u0173 kr\u016bt\u0173, pilvo, \u0161laun\u0173, tarpviet\u0117s\u00a0masa\u017e\u0105, od\u0105 \u012ftrinti aliejais, maitinamaisiais ar specialiais nuo dr\u016b\u017ei\u0173 kremais. Tinkama odos prie\u017ei\u016bra \u2013 n\u0117\u0161tumo dr\u016b\u017ei\u0173 ir tarpviet\u0117s ply\u0161im\u0173 profilaktika. Sportas, mank\u0161ta, baseinas padeda gerai besijau\u010dian\u010dioms n\u0117\u0161\u010diosioms. Be to, speciali mank\u0161ta, pratimai n\u0117\u0161\u010diosioms parodomi u\u017esi\u0117mim\u0173metu. N\u0117\u0161\u010diosios i\u0161mokomos taisyklingai kv\u0117puoti, atlikti pilvo preso, tarpviet\u0117s pratimus. Speciali mank\u0161ta padeda suma\u017einti kry\u017ekaulio-juosmens skausm\u0105, koj\u0173 tinim\u0105, i\u0161vengti didesnio svorio (antsvorio) prieaugio.<\/p>\n<p style=\"text-align: justify;\"><b>\u00a0<\/b><b>Tre\u010diojo <\/b>u\u017esi\u0117mimo metu pasakojama apie gimdym\u0105. Paai\u0161kinama, kas sudaro kaulin\u012f duben\u012f, kaip k\u016bdikio galva slenka gimdymo kanalu, kokie yra dubens dugno raumenys. Paai\u0161kinama, kad mink\u0161tieji gimdymo takai yra elastingi, tod\u0117l lengvai i\u0161sitempia gimdymo metu. Reikia trumpai ir suprantamai apib\u016bdinti gimdymo laikotarpius ir j\u0173 ypatumus. Pasakojama apie gimdos kaklelio atsidarymo mechanizm\u0105, apie vaisiaus vanden\u0173 p\u016bsl\u0117s svarb\u0105, apie s\u0105r\u0117mius ir j\u0173 sukeliamus poj\u016b\u010dius, apie elges\u012f ir savipagalb\u0105 gimdymo metu. N\u0117\u0161\u010dioji turi suprasti, kad gimdymas lyg fizinis darbas, kuriam reikia daug j\u0117g\u0173, kurias reikia racionaliai eikvoti ir tausoti iki i\u0161varymo periodo. Populiariai paai\u0161kinama, koks svarbus vaidmuo, pajutus s\u0105r\u0117min\u012f skausm\u0105, tenka galvos smegen\u0173 \u017eievei, kai joje susidaro stiprus dirginimo \u017eidinys, slopinantis skausm\u0105 ir kitus dirgiklius. U\u017esi\u0117mimo pabaigoje dar kart\u0105 akcentuojama, kad tinkamas n\u0117\u0161\u010diosios elgesys ir geras psichoprofilaktinis pasirengimas u\u017ekerta keli\u0105 stipriam skausmui.<\/p>\n<p style=\"text-align: justify;\"><b>\u00a0<\/b><b>Ketvirtojo <\/b>u\u017esi\u0117mimo metu kalbama apie gimdymo skausmo mal\u0161inimo b\u016bdus. Reikia paai\u0161kinti, kad s\u0105r\u0117miai ir stangos skausmingi. Ta\u010diau pasitaiko ir neskausming\u0173 gimdym\u0173. Teigiama, kad apie 10 proc. moter\u0173 gimdydamos nejau\u010dia skausmo. Ta\u010diau 90 proc. gimdym\u0173 b\u016bna daugiau ar ma\u017eiau skausmingi. Skausmo jutimas, kaip jau buvo min\u0117ta, priklauso ir nuo subjektyvi\u0173, ir nuo objektyvi\u0173 veiksni\u0173.<\/p>\n<p style=\"text-align: justify;\">Aku\u0161erin\u0117 anestezija nuo chirurgin\u0117s pirmiausiai skiriasi tuo, kad ji veikia ir motin\u0105, ir vaisi\u0173. Did\u017eioji dauguma vaist\u0173 praeina pro placentos barjer\u0105, tod\u0117l, mal\u0161inant skausm\u0105 vaistais, b\u016btina steb\u0117ti motin\u0105 ir vaisi\u0173. Vaist\u0173 gali b\u016bti \u0161virk\u0161\u010diama \u012f ven\u0105, \u012f raumenis, skiriama \u017evakut\u0117mis \u012f i\u0161ang\u0119, suleid\u017eiama \u012f stuburo epidurin\u012f tarp\u0105. Dabar populiarus gimdymo skausmo mal\u0161inimo b\u016bdas yra epidurin\u0117 nejautra, nes ji efektyvi, lengvai valdoma ir ma\u017eai veikia vaisi\u0173. N\u0117\u0161\u010dioji tur\u0117t\u0173 b\u016bti supa\u017eindinta su \u0161ios nejautros atlikimo technika, pasitaikan\u010diomis komplikacijomis.<\/p>\n<p style=\"text-align: justify;\"><b>\u00a0<\/b><b>Penktojo <\/b>u\u017esi\u0117mimo metu ai\u0161kinama apie i\u0161varymo ir placentin\u012f laikotarp\u012f, vaisiaus gimim\u0105. Prasidedant i\u0161varymo laikotarpiui, be s\u0105r\u0117mi\u0173, atsiranda stangos \u2013 be gimdos raumen\u0173, \u012fsijungia pilvo, diafragmos, dubens dugno, nugaros raumen\u0173grup\u0117s. N\u0117\u0161\u010diajai paai\u0161kinama, kaip taisyklingai stangintis, koks svarbus\u00a0aku\u0161er\u0117s ir pa\u010dios gimdyv\u0117s adekvatus elgesys gimstant vaisiaus galvai. Paai\u0161kinamas ir tre\u010diasis\u00a0gimdymo laikotarpis. U\u017esi\u0117mim\u0173 metu labai naudingos vaizdin\u0117s priemon\u0117s: moterys ai\u0161kiau \u012fsivaizduoja gimdym\u0105.<\/p>\n<p style=\"text-align: justify;\"><b>\u00a0<\/b><b>Paskutinio <\/b>u\u017esi\u0117mimo metu dar kart\u0105 primenama, kokie yra gimdymo prad\u017eios po\u017eymiai, k\u0105 reikia pasiimti va\u017eiuojant \u012f stacionar\u0105, kada skubiai reikia \u012f j\u012f va\u017eiuoti (kai nuteka vaisiaus vandenys, pasirodo daug kraujing\u0173 i\u0161skyr\u0173 ar kraujo i\u0161 lyties organ\u0173, blogiau juntami vaisiaus judesiai ir kt.). Galima pateikti klausim\u0173 ar pakartoti anks\u010diau min\u0117tus pagrindinius teiginius, dar kart\u0105 parodyti, kaip stangintis ar \u201egerai kv\u0117puoti\u201c, suderinti pilvo, str\u0117n\u0173 glostym\u0105 tarp s\u0105r\u0117mi\u0173 ir kt.<\/p>\n<ul style=\"text-align: justify;\">\n<li>Aku\u0161eriai ginekologai, \u0161eimos gydytojai ar aku\u0161er\u0117s daug d\u0117mesio turi skirti n\u0117\u0161\u010di\u0173j\u0173 psichoprofilaktiniam parengimui gimdyti.<\/li>\n<li>Labai svarbu i\u0161siai\u0161kinti, kuo pagr\u012fsta moters baim\u0117 gimdyti. U\u017esi\u0117mim\u0173 tikslas \u2013 pad\u0117ti pa\u0161alinti gimdymo baim\u0119.<\/li>\n<li>Patartina u\u017esi\u0117mimus kartu su n\u0117\u0161\u010di\u0105ja lankyti ir b\u016bsimo k\u016bdikio t\u0117vui.<\/li>\n<li>U\u017esi\u0117mim\u0173 metu n\u0117\u0161\u010diosioms i\u0161ai\u0161kinama n\u0117\u0161tumo ir gimdymo fiziologija, skausmo mal\u0161inimo b\u016bdai, kaip elgtis ir pad\u0117ti sau gimdymo metu.<\/li>\n<\/ul>\n","protected":false},"excerpt":{"rendered":"<p>N\u0117\u0161\u010diosios parengimas gimdyti Aku\u0161eri\u0173 ginekolog\u0173, \u0161eimos gydytoj\u0173, taip pat aku\u0161eri\u0173 darbas neapsiriboja tik antenataline n\u0117\u0161\u010diosios prie\u017ei\u016bra ar n\u0117\u0161tumo patologijos diagnostika. B\u016btina daug laiko ir \u017eini\u0173 skirti psichoprofilaktiniam n\u0117\u0161\u010diosios parengimui. T\u0105 reikia daryti nuo pat n\u0117\u0161tumo prad\u017eios. N\u0117\u0161\u010di\u0173j\u0173 prie\u017ei\u016bros ambulatorin\u0117je grandyje (moter\u0173 konsultacijose, \u0161eimos gydytoj\u0173 centruose ir kt.) organizuojami 4\u20136 u\u017esi\u0117mim\u0173 kursai n\u0117\u0161\u010diosioms ir j\u0173 \u0161eimos&#8230;<\/p>\n","protected":false},"author":1,"featured_media":0,"parent":44531,"menu_order":0,"comment_status":"closed","ping_status":"closed","template":"","meta":{"_acf_changed":false,"footnotes":""},"tags":[2714,9968,9967],"class_list":["post-44524","page","type-page","status-publish","hentry","tag-akuseres","tag-stangintis","tag-stangos"],"acf":[],"aioseo_notices":[],"_links":{"self":[{"href":"https:\/\/www.pasveik.lt\/lt\/wp-json\/wp\/v2\/pages\/44524","targetHints":{"allow":["GET"]}}],"collection":[{"href":"https:\/\/www.pasveik.lt\/lt\/wp-json\/wp\/v2\/pages"}],"about":[{"href":"https:\/\/www.pasveik.lt\/lt\/wp-json\/wp\/v2\/types\/page"}],"author":[{"embeddable":true,"href":"https:\/\/www.pasveik.lt\/lt\/wp-json\/wp\/v2\/users\/1"}],"replies":[{"embeddable":true,"href":"https:\/\/www.pasveik.lt\/lt\/wp-json\/wp\/v2\/comments?post=44524"}],"version-history":[{"count":0,"href":"https:\/\/www.pasveik.lt\/lt\/wp-json\/wp\/v2\/pages\/44524\/revisions"}],"up":[{"embeddable":true,"href":"https:\/\/www.pasveik.lt\/lt\/wp-json\/wp\/v2\/pages\/44531"}],"wp:attachment":[{"href":"https:\/\/www.pasveik.lt\/lt\/wp-json\/wp\/v2\/media?parent=44524"}],"wp:term":[{"taxonomy":"post_tag","embeddable":true,"href":"https:\/\/www.pasveik.lt\/lt\/wp-json\/wp\/v2\/tags?post=44524"}],"curies":[{"name":"wp","href":"https:\/\/api.w.org\/{rel}","templated":true}]}}