{"id":44526,"date":"2015-09-04T00:00:00","date_gmt":"2015-09-04T00:00:00","guid":{"rendered":""},"modified":"2020-11-24T06:00:05","modified_gmt":"2020-11-24T08:00:05","slug":"vaisiaus-padetys-ir-pirmaeigos","status":"publish","type":"page","link":"https:\/\/www.pasveik.lt\/lt\/nestumas\/vaisiaus-padetys-ir-pirmaeigos\/","title":{"rendered":"Vaisiaus pad\u0117tys ir pirmaeigos"},"content":{"rendered":"<p style=\"text-align: justify;\">\u00a0<b>Vaisiaus pad\u0117tis, <i>situs \u2013 <\/i><\/b>vaisiaus a\u0161ies (linijos, jungian\u010dios pakau\u0161\u012f ir s\u0117dmenis) santykis su\u00a0n\u0117\u0161\u010diosios k\u016bno a\u0161imi:<\/p>\n<ul style=\"text-align: justify;\">\n<li>i\u0161ilgin\u0117 pad\u0117tis, <i>situs longitudinalis \u2013 <\/i>vaisiaus ir n\u0117\u0161\u010diosios k\u016bno a\u0161ys sutampa;<\/li>\n<li>skersin\u0117 pad\u0117tis, <i>situs transversus \u2013 <\/i>vaisiaus a\u0161is kerta motinos a\u0161\u012f 90 laipsni\u0173 arba 45\u201390 laipsni\u0173 kampu, vaisiaus galva ir s\u0117dmenys vir\u0161 moters dubens vir\u0161utini\u0173 priekini\u0173 klubini\u0173 dygli\u0173, <i>spina iliaca anterior<\/i> <i>superior;<\/i><\/li>\n<li>\u012fstri\u017ein\u0117 pad\u0117tis, <i>situs obliquus \u2013 <\/i>vaisiaus a\u0161is su gimdos a\u0161imi kertasi ma\u017eesniu kaip 45 laipsni\u0173 kampu, vaisiaus galva arba s\u0117dmenys yra \u017eemiau klubakaulio skiauter\u0117s.<\/li>\n<\/ul>\n<p style=\"text-align: justify;\"><b>\u00a0<\/b><b>Vaisiaus pozicija, <i>positio \u2013 <\/i><\/b>vaisiaus nugaros nuokrypis \u012f gimdos \u0161on\u0105. Kairioji (pirmoji) pozicija\u00a0\u2013 kai vaisiaus nugara pasisukusi \u012f kair\u012fj\u012f, de\u0161inioji arba antroji \u2013 \u012f de\u0161in\u012fj\u012f gimdos \u0161on\u0105. Jei pad\u0117tis skersin\u0117 ar \u012fstri\u017ein\u0117, pozicij\u0105 rodo vaisiaus galvos pad\u0117tis: kair\u0117je gimdos pus\u0117je \u2013 pirmoji, de\u0161in\u0117je \u2013 antroji pozicija. Jei vaisiaus nugara nukrypusi \u012f priekin\u0119 gimdos sien\u0105 \u2013 <i>visus dorsoanterior<\/i>, \u012f u\u017epakalin\u0119 \u2013 <i>dorsoposterior<\/i>, \u012f gimdos dugn\u0105 \u2013 <i>dorsosuperior<\/i>, \u012f apa\u010di\u0105, kaklelio link \u2013 <i>visus dorsoinferior<\/i>.<\/p>\n<p style=\"text-align: justify;\"><b>Vaisiaus pirmeiga, <i>praesentatio \u2013 <\/i><\/b>vaisiaus pirmeig\u0117 dalis gimdymo kanalo at\u017evilgiu. Pirmaujant vaisiaus galvai, <i>praesentatio capitis,<\/i> galimos \u0161ios pirmeigos: pakau\u0161io, <i>praesentatio occipitalis, <\/i>vir\u0161ugalvio, <i>praesentatio parietalis,<\/i> kaktos, <i>praesentatio frontalis, <\/i>veido, <i>praesentaio<\/i> <i>facialis <\/i>pirmeigos. Kai gimdymas normalus, vaisiaus galva gimsta esant pakau\u0161inei pirmeigai. 1 proc. atvej\u0173 vaisius gimsta esant atsilo\u0161usios\u00a0galvos \u2013 vir\u0161ugalvinei, kaktinei, veidinei pirmeigoms. Pirmaujant vaisiaus s\u0117dmenims, <i>praesentatio<\/i> <i>clunium, seu clunibus praevii, <\/i>galimi \u0161ie pirmeigos variantai: tikroji s\u0117dmen\u0173 pirmeiga (vaisiaus kojos sulenktos per klub\u0173 s\u0105narius ir i\u0161tiestos i\u0161ilgai k\u016bno \u012f vir\u0161\u0173), mi\u0161rioji (vaisiaus kojos sulenktos per klub\u0173 ir keli\u0173 s\u0105narius,\u00a0kartu su s\u0117dmenimis pirmauja ir p\u0117dos), keli\u0173, <i>praesentatio genu <\/i>ir koj\u0173 pirmeiga <i>praesentatio<\/i> <i>pedes. <\/i>Visi\u0161koji koj\u0173 pirmeiga \u2013 pirmauja i\u0161tiestos abi kojos, dalinoji \u2013 pirmauja viena i\u0161tiesta koja.<\/p>\n","protected":false},"excerpt":{"rendered":"<p>\u00a0Vaisiaus pad\u0117tis, situs \u2013 vaisiaus a\u0161ies (linijos, jungian\u010dios pakau\u0161\u012f ir s\u0117dmenis) santykis su\u00a0n\u0117\u0161\u010diosios k\u016bno a\u0161imi: i\u0161ilgin\u0117 pad\u0117tis, situs longitudinalis \u2013 vaisiaus ir n\u0117\u0161\u010diosios k\u016bno a\u0161ys sutampa; skersin\u0117 pad\u0117tis, situs transversus \u2013 vaisiaus a\u0161is kerta motinos a\u0161\u012f 90 laipsni\u0173 arba 45\u201390 laipsni\u0173 kampu, vaisiaus galva ir s\u0117dmenys vir\u0161 moters dubens vir\u0161utini\u0173 priekini\u0173 klubini\u0173 dygli\u0173, spina iliaca&#8230;<\/p>\n","protected":false},"author":1,"featured_media":0,"parent":44531,"menu_order":0,"comment_status":"closed","ping_status":"closed","template":"","meta":{"_acf_changed":false,"footnotes":""},"tags":[6985,908,5115],"class_list":["post-44526","page","type-page","status-publish","hentry","tag-galva","tag-nugara","tag-sedmenys"],"acf":[],"aioseo_notices":[],"_links":{"self":[{"href":"https:\/\/www.pasveik.lt\/lt\/wp-json\/wp\/v2\/pages\/44526","targetHints":{"allow":["GET"]}}],"collection":[{"href":"https:\/\/www.pasveik.lt\/lt\/wp-json\/wp\/v2\/pages"}],"about":[{"href":"https:\/\/www.pasveik.lt\/lt\/wp-json\/wp\/v2\/types\/page"}],"author":[{"embeddable":true,"href":"https:\/\/www.pasveik.lt\/lt\/wp-json\/wp\/v2\/users\/1"}],"replies":[{"embeddable":true,"href":"https:\/\/www.pasveik.lt\/lt\/wp-json\/wp\/v2\/comments?post=44526"}],"version-history":[{"count":0,"href":"https:\/\/www.pasveik.lt\/lt\/wp-json\/wp\/v2\/pages\/44526\/revisions"}],"up":[{"embeddable":true,"href":"https:\/\/www.pasveik.lt\/lt\/wp-json\/wp\/v2\/pages\/44531"}],"wp:attachment":[{"href":"https:\/\/www.pasveik.lt\/lt\/wp-json\/wp\/v2\/media?parent=44526"}],"wp:term":[{"taxonomy":"post_tag","embeddable":true,"href":"https:\/\/www.pasveik.lt\/lt\/wp-json\/wp\/v2\/tags?post=44526"}],"curies":[{"name":"wp","href":"https:\/\/api.w.org\/{rel}","templated":true}]}}