{"id":44545,"date":"2015-12-15T23:00:00","date_gmt":"2015-12-15T23:00:00","guid":{"rendered":""},"modified":"2020-11-24T06:00:05","modified_gmt":"2020-11-24T08:00:05","slug":"nestumo-pozymiai","status":"publish","type":"page","link":"https:\/\/www.pasveik.lt\/lt\/nestumas\/nestumo-pozymiai\/","title":{"rendered":"N\u0117\u0161tumo po\u017eymiai"},"content":{"rendered":"<p style=\"text-align: justify;\"><strong>N\u0117\u0161tumo simptomai<\/strong><\/p>\n<p>Ar sp\u0117liojate, kad pastojote? Vienintelis b\u016bdas tuo \u012fsitikinti yra atlikti n\u0117\u0161tumo test\u0105.\u00a0 Ta\u010diau yra ankstyv\u0173j\u0173 n\u0117\u0161tumo simptom\u0173, kurie gali leisti \u012ftarti toki\u0105 galimyb\u0119. Aptarkime, koki\u0173 po\u017eymi\u0173 ie\u0161koti.<\/p>\n<p><strong>Ar visoms moterims atsiranda ankstyv\u0173 n\u0117\u0161tumo simptom\u0173?<\/strong><\/p>\n<p>Kiekviena moteris yra kitokia. Tai taikytina ir jos su n\u0117\u0161tumu susijusiai patir\u010diai. Ne visoms moterims pasirei\u0161kia tokie patys n\u0117\u0161tumo simptomai, net tai pa\u010diai moteriai simptomai per vien\u0105 n\u0117\u0161tum\u0105 gali skirtis nuo simptom\u0173, pasirei\u0161kian\u010di\u0173 per kit\u0105 n\u0117\u0161tum\u0105. Be to, kadangi ankstyvi n\u0117\u0161tumo simptomai da\u017enai yra pana\u0161\u016bs \u012f savijaut\u0105 prie\u0161 pat menstruacijas ir j\u0173 metu, \u0161ie simptomai ne visada atpa\u017e\u012fstami.<br \/>Toliau apra\u0161omi kai kurie da\u017eniausiai pasirei\u0161kiantys ankstyvi n\u0117\u0161tumo simptomai. Turite \u017einoti, kad juos gali sukelti ir kitos prie\u017eastys, ne tik prasid\u0117j\u0119s n\u0117\u0161tumas. Tod\u0117l tai, kad pasteb\u0117jote vien\u0105 ar kelis \u0161i\u0173 simptom\u0173, nerei\u0161kia, kad j\u016bs tikrai esate n\u0117\u0161\u010dia. Vienintelis b\u016bdas tuo \u012fsitikinti yra atlikti n\u0117\u0161tumo test\u0105.<\/p>\n<p><strong>Negausus kraujavimas ir spazmai<\/strong><\/p>\n<p>Pra\u0117jus kelioms dienoms po pastojimo, apvaisintas kiau\u0161in\u0117lis prisitvirtina prie gimdos sienel\u0117s. \u0160is procesas gali sukelti vien\u0105 i\u0161 ankstyviausi\u0173 n\u0117\u0161tumo po\u017eymi\u0173 \u2013 negaus\u0173 kraujavim\u0105 (tepim\u0105) ir kartais spazmus. Tai vadinamasis implantacijos kraujavimas. Jis atsiranda pra\u0117jus 6\u201312 dien\u0173 po kiau\u0161in\u0117lio apvaisinimo. Spazmai primena per menstruacijas atsirandan\u010dius spazmus, tod\u0117l kai kurios moterys juos ir kraujavim\u0105 klaidingai laiko menstruacij\u0173 prad\u017eia. Ta\u010diau kraujavimas ir spazmai yra nestipr\u016bs.<\/p>\n<p style=\"text-align: justify;\">Moteris gali pasteb\u0117ti ne tik kraujavim\u0105, bet ir \u012f pien\u0105 pana\u0161ias i\u0161skyras i\u0161 mak\u0161ties. Jos yra susijusios su mak\u0161ties sieneli\u0173 sustor\u0117jimu, atsirandan\u010diu beveik i\u0161 karto po pastojimo. I\u0161skyros atsiranda d\u0117l intensyvesnio mak\u0161t\u012f i\u0161klojan\u010di\u0173 l\u0105steli\u0173 augimo.<br \/>I\u0161skyros, kuri\u0173 gali b\u016bti per vis\u0105 n\u0117\u0161tumo laikotarp\u012f, da\u017eniausiai yra nekenksmingos ir j\u0173 nereikia gydyti. Bet jeigu i\u0161skyros skleid\u017eia nemalon\u0173 kvap\u0105 ar jau\u010diamas deginimas ir nie\u017e\u0117jimas, pasakykite apie tai gydytojui. Jis patikrins, ar jums nei\u0161sivyst\u0117 mieliagrybi\u0173 ar bakterij\u0173 sukelta infekcija.<\/p>\n<p><strong>Kr\u016bt\u0173 poky\u010diai<\/strong><\/p>\n<p>Kr\u016bt\u0173 poky\u010diai yra kitas labai anksti atsirandantis n\u0117\u0161tumo po\u017eymis. Pastojusios moters organizme labai greitai kei\u010diasi hormon\u0173 kiekiai. D\u0117l \u0161i\u0173 poky\u010di\u0173 po savait\u0117s ar dviej\u0173 savai\u010di\u0173 kr\u016btys gali patinti, tapti jautrios ar atsirasti dilg\u010diojimas. Moteris gali pasteb\u0117ti, kad kr\u016btys tapo sunkesn\u0117s, pilnesn\u0117s ar lie\u010diamos skauda. Taip pat gali patams\u0117ti oda aplink spenelius, dar vadinama areole.<br \/>Kr\u016bt\u0173 poky\u010dius gali sukelti ir kitos prie\u017eastys. Ta\u010diau jie \u0161ie poky\u010diai yra ankstyvi n\u0117\u0161tumo simptomai, reikia \u017einoti, kad prireiks keli\u0173 savai\u010di\u0173, kol priprasite prie nauj\u0173 hormon\u0173 kieki\u0173 organizme. Ta\u010diau \u0161iam laikui pra\u0117jus kr\u016bt\u0173 skausmas turi palengv\u0117ti.<\/p>\n<p><strong>Nuovargis<\/strong><\/p>\n<p>Stiprus nuovargis yra normalus rei\u0161kinys n\u0117\u0161tumo laikotarpiu, pradedant nuo pat n\u0117\u0161tumo prad\u017eios.<br \/>Moteris gali pajusti labai didel\u012f nuovarg\u012f pra\u0117jus tik savaitei nuo pastojimo.<br \/>Kod\u0117l? Nuovargis yra da\u017enai susij\u0119s su dideliu hormono, vadinamo progesteronu, kiekiu, ta\u010diau j\u012f sustiprinti gali ir kiti veiksniai, pavyzd\u017eiui, suma\u017e\u0117j\u0119s cukraus kiekis kraujyje, ma\u017eesnis kraujosp\u016bdis bei sustipr\u0117jusi kraujo gamyba.<br \/>Jeigu nuovargis yra susij\u0119s su n\u0117\u0161tumu, svarbu daug ils\u0117tis. Palengvinti nuovarg\u012f gali maisto produktai, kuri\u0173 sud\u0117tyje yra daug baltym\u0173 ir gele\u017eies.<\/p>\n<p><strong>Pykinimas (rytinis \u0161leik\u0161tulys)<\/strong><\/p>\n<p>Rytinis \u0161leik\u0161tulys yra \u017einomas n\u0117\u0161tumo simptomas. Ta\u010diau jis pasirei\u0161kia ne visoms n\u0117\u0161\u010dioms moterims.<br \/>Tikslios rytinio \u0161leik\u0161tulio prie\u017easties ne\u017einome, bet manoma, kad \u0161io simptomo atsiradimui \u012ftakos turi per n\u0117\u0161tum\u0105 susidarantys hormonai. Pykinimas per n\u0117\u0161tumo laikotarp\u012f gali atsirasti bet kuriuo dienos metu, bet da\u017eniausiai jau\u010diamas ryte.<br \/>Taip pat kai kurios n\u0117\u0161\u010dios moterys jau\u010dia potrauk\u012f tam tikriems maisto produktams arba negali j\u0173 pak\u0119sti. \u0160ie rei\u0161kiniai taip pat yra susij\u0119 su hormon\u0173 poky\u010diais. Poveikis gali b\u016bti toks stiprus, kad net mintis apie anks\u010diau buvus\u012f m\u0117gstam\u0105 patiekal\u0105 gali moteriai sukelti v\u0117mim\u0105.<br \/>Gali b\u016bti, kad pykinimas, potraukis ar pasibjaur\u0117jimas tam tikru maistui gali t\u0119stis per vis\u0105 n\u0117\u0161tumo laikotarp\u012f. Laimei, daugeliui moter\u0173 \u0161ie simptomai ma\u017edaug 13\u201314-\u0105 n\u0117\u0161tumo savait\u0119 susilpn\u0117ja.<br \/>O iki to reikia pasir\u016bpinti sveika mityba, kad j\u016bs ir j\u016bs\u0173 augantis k\u016bdikis gaut\u0173 b\u016btin\u0173 maisto med\u017eiag\u0173. Galite su gydytoju pasitarti, kaip maitintis.<\/p>\n<p><strong>Dingusios menstruacijos<\/strong><\/p>\n<p>Pats akivaizd\u017eiausias ankstyvas n\u0117\u0161tumo simptomas, daugum\u0105 moter\u0173 paskatinantis \u012fsigyti n\u0117\u0161tumo test\u0105, yra menstruacij\u0173 nebuvimas. Ta\u010diau menstruacij\u0173 nebuvimo ar v\u0117lavimo prie\u017eastis ne visada b\u016bna n\u0117\u0161tumas.<br \/>N\u0117\u0161\u010dios moterys taip pat gali kraujuoti. Jei esate n\u0117\u0161\u010dia, gydytojo klauskite, k\u0105 turite \u017einoti apie kraujavim\u0105. Pavyzd\u017eiui, kada kraujavimas yra normalus rei\u0161kinys, o kada tai yra skubios pagalbos reikalaujan\u010dios situacijos po\u017eymis?<br \/>Menstruacij\u0173 gali neb\u016bti ir ne d\u0117l n\u0117\u0161tumo. J\u0173 gali neb\u016bti, jei j\u016bs priaugote ar netekote per daug svorio. Taip gali atsitikti ir d\u0117l hormon\u0173 sutrikim\u0173, nuovargio ar streso. Kai kurioms moterims menstruacijos i\u0161nyksta nustojus vartoti kontraceptines tabletes. Bet jei menstruacijos v\u0117luoja, o n\u0117\u0161tumas yra galimas, reik\u0117t\u0173 \u012fsigyti n\u0117\u0161tumo test\u0105.<\/p>\n<p><strong>Kiti ankstyvi n\u0117\u0161tumo simptomai<\/strong><\/p>\n<p>N\u0117\u0161tumas sukelia j\u016bs\u0173 hormon\u0173 pusiausvyros poky\u010di\u0173. Tai gali sukelti kit\u0173 simptom\u0173.<br \/><em><strong>\u2022Da\u017enas \u0161lapinimasis.<\/strong><\/em> Daugelis moter\u0173 tai pajunta ma\u017edaug \u0161e\u0161t\u0105\u2013a\u0161tunt\u0105 savait\u0119 po pastojimo. Nors \u0161\u012f simptom\u0105 gali sukelti \u0161lapimo tak\u0173 infekcija, diabetas ar perteklinis \u0161lapimo i\u0161skyrim\u0105 skatinan\u010di\u0173 vaist\u0173 vartojimas, n\u0117\u0161tumo atveju taip nutinka d\u0117l pakitusio hormon\u0173 kiekio.<br \/><em><strong>\u2022Viduri\u0173 u\u017ekiet\u0117jimas<\/strong><\/em>. N\u0117\u0161tumo laikotarpiu d\u0117l padid\u0117jusio progesterono kiekio gali u\u017ekiet\u0117ti viduriai. Progesteronas sul\u0117tina maisto produkt\u0173 slinkim\u0105 \u017earnynu. Kad suma\u017eintum\u0117te problem\u0105, gerkite daug vandens, mank\u0161tinkit\u0117s ir valgykite daug skaidul\u0173 turint\u012f maist\u0105.<br \/><em><strong>\u2022Nuotaikos svyravimas.<\/strong><\/em> Nuotaik\u0173 svyravimas yra \u012fprastas dalykas, ypa\u010d per pirm\u0105j\u012f n\u0117\u0161tumo trimestr\u0105. Jis taip pat yra susij\u0119s su hormon\u0173 poky\u010diais.<br \/><em><strong>\u2022Galvos skausmas ir nugaros skausmas.<\/strong><\/em> Daug n\u0117\u0161\u010di\u0173 moter\u0173 skund\u017eiasi da\u017enu nestipriu galvos skausmu, o kitas vargina l\u0117tinis nugaros skausmas.<br \/><em><strong>\u2022Galvos svaigimas ir alpimas.<\/strong> <\/em>\u0160ie rei\u0161kiniai gali b\u016bti susij\u0119 su kraujagysli\u0173 i\u0161sipl\u0117timu, suma\u017e\u0117jusiu kraujosp\u016bd\u017eiu ir cukraus kiekiu kraujyje.<br \/>N\u0117\u0161\u010diai moteriai gali pasireik\u0161ti visi \u0161ie simptomai arba galb\u016bt vienas ar du. Jei bet kuris i\u0161 \u0161i\u0173 simptom\u0173 pradeda varginti, pakalb\u0117kite apie juos su gydytoju, kad gal\u0117tum\u0117te planuoti, kaip juos kontroliuoti.<br \/>\u00a0<\/p>\n","protected":false},"excerpt":{"rendered":"<p>N\u0117\u0161tumo simptomai Ar sp\u0117liojate, kad pastojote? Vienintelis b\u016bdas tuo \u012fsitikinti yra atlikti n\u0117\u0161tumo test\u0105.\u00a0 Ta\u010diau yra ankstyv\u0173j\u0173 n\u0117\u0161tumo simptom\u0173, kurie gali leisti \u012ftarti toki\u0105 galimyb\u0119. Aptarkime, koki\u0173 po\u017eymi\u0173 ie\u0161koti. Ar visoms moterims atsiranda ankstyv\u0173 n\u0117\u0161tumo simptom\u0173? Kiekviena moteris yra kitokia. Tai taikytina ir jos su n\u0117\u0161tumu susijusiai patir\u010diai. Ne visoms moterims pasirei\u0161kia tokie patys n\u0117\u0161tumo&#8230;<\/p>\n","protected":false},"author":1,"featured_media":0,"parent":44531,"menu_order":0,"comment_status":"closed","ping_status":"closed","template":"","meta":{"_acf_changed":false,"footnotes":""},"tags":[9963,7432,197,6890,329,5,53,9524,3044,3368],"class_list":["post-44545","page","type-page","status-publish","hentry","tag-galvos","tag-infekcija","tag-kraujavimas","tag-moteris","tag-nestumas","tag-nuovargis","tag-pykinimas","tag-simptomai","tag-sleikstulys","tag-spazmai"],"acf":[],"aioseo_notices":[],"_links":{"self":[{"href":"https:\/\/www.pasveik.lt\/lt\/wp-json\/wp\/v2\/pages\/44545","targetHints":{"allow":["GET"]}}],"collection":[{"href":"https:\/\/www.pasveik.lt\/lt\/wp-json\/wp\/v2\/pages"}],"about":[{"href":"https:\/\/www.pasveik.lt\/lt\/wp-json\/wp\/v2\/types\/page"}],"author":[{"embeddable":true,"href":"https:\/\/www.pasveik.lt\/lt\/wp-json\/wp\/v2\/users\/1"}],"replies":[{"embeddable":true,"href":"https:\/\/www.pasveik.lt\/lt\/wp-json\/wp\/v2\/comments?post=44545"}],"version-history":[{"count":0,"href":"https:\/\/www.pasveik.lt\/lt\/wp-json\/wp\/v2\/pages\/44545\/revisions"}],"up":[{"embeddable":true,"href":"https:\/\/www.pasveik.lt\/lt\/wp-json\/wp\/v2\/pages\/44531"}],"wp:attachment":[{"href":"https:\/\/www.pasveik.lt\/lt\/wp-json\/wp\/v2\/media?parent=44545"}],"wp:term":[{"taxonomy":"post_tag","embeddable":true,"href":"https:\/\/www.pasveik.lt\/lt\/wp-json\/wp\/v2\/tags?post=44545"}],"curies":[{"name":"wp","href":"https:\/\/api.w.org\/{rel}","templated":true}]}}