{"id":44546,"date":"2015-02-25T23:00:00","date_gmt":"2015-02-25T23:00:00","guid":{"rendered":""},"modified":"2020-11-24T06:09:56","modified_gmt":"2020-11-24T08:09:56","slug":"pirmoji-pagalba","status":"publish","type":"page","link":"https:\/\/www.pasveik.lt\/lt\/pirmoji-pagalba\/","title":{"rendered":"Pirmoji pagalba"},"content":{"rendered":"<ul style=\"list-style-type: disc;\">\n<li><a style=\"line-height: 1.5; font-family: MyriadProRegular, sans-serif; font-size: 14px; background-color: #ffffff;\" href=\"#gaivinimas\"><strong>Gaivinimo ABC<\/strong><\/a><\/li>\n<li><strong><a href=\"#uzpringimas\">K\u0105 daryti u\u017espringus<\/a><\/strong><\/li>\n<li><a href=\"#apsinuodijimas\"><strong>K\u0105 daryti apsinuodijus<\/strong><\/a><\/li>\n<li><a href=\"#nudegimas\"><strong>K\u0105 daryti nudegus<\/strong><\/a><\/li>\n<li><a href=\"#nusalimas\"><strong>K\u0105 daryti nu\u0161alus<\/strong><\/a><\/li>\n<li><a href=\"#silumos_smugis\"><strong>K\u0105 daryti i\u0161tikus \u0161ilumos sm\u016bgiui<\/strong><\/a><\/li>\n<\/ul>\n<p>Mok\u0117jimas tinkamai atlikti pradin\u012f gaivinim\u0105 yra itin svarbu gelbstint \u017emogaus gyvyb\u0119. Sustojus \u0161ird\u017eiai, i\u0161nyksta kraujotaka ir vidaus organai nebeapr\u016bpinami deguonimi. Jautriausios deguonies badui yra smegenys. Negr\u012f\u017etami pakitimai gali atsirasti jau po keli\u0173 minu\u010di\u0173, o mirtis nekv\u0117puojant\u012f \u017emog\u0173 i\u0161tinka per 8 \u2013 10 min. D\u0117l \u0161ios prie\u017eastis labai svarbu prad\u0117ti gaivinti kuo anks\u010diau.<\/p>\n<p>Prie\u0161 pradedant gaivinim\u0105:<\/p>\n<ol>\n<li>\u012evertinkite gr\u0117sm\u0119 savo ir nukent\u0117jusiojo gyvybei, bei imkit\u0117s priemoni\u0173 jai pa\u0161alinti<\/li>\n<li>\u012evertinkite nukent\u0117jusiojo s\u0105moningum\u0105. Garsiai klauskit\u0117s kaip jis jau\u010diasi? Pajudinkite per pe\u010dius. Jei \u012ftariate stuburo ar kaklo traum\u0105, judinti grie\u017etai draud\u017eiama.<\/li>\n<li>Jei nukent\u0117jusysis neatsako, kvieskite greit\u0105j\u0105 medicinin\u0119 pagalb\u0105. Jei esate vienas, o nukent\u0117jusysis naujagimis ar vaikas iki 8 met\u0173, prad\u0117ti gaivinim\u0105 nedelsiant ir po 2 min gaivinimo kvieskite GMP ir toliau t\u0119skite gaivinim\u0105.<\/li>\n<\/ol>\n<h2><a name=\"gaivinimas\"><\/a>Gaivinimo ABC<\/h2>\n<p>Atminkit gaivinimo ABC<\/p>\n<p>A \u2013 Airway \u2013 \u201eatverkite keli\u0105 orui\u201c<\/p>\n<p>B \u2013 Breathing \u2013 u\u017etikrinkite kv\u0117pavim\u0105<\/p>\n<p>C \u2013 Circulation \u2013 u\u017etikrinkite kraujotak\u0105<\/p>\n<p><strong>A \u2013 Airway \u2013 Kelias orui<\/strong><\/p>\n<ol>\n<li>Paguldykite asmen\u012f ant nugaros.<\/li>\n<li>Atverkite kv\u0117pavimo takus &#8211; u\u017ed\u0117dami rank\u0105 ant kaktos, \u0161velniai atlo\u0161kite galv\u0105 ir keldami apatin\u012f \u017eandikaul\u012f \u012f vir\u0161\u0173, pra\u017eiodinkite nukent\u0117jus\u012f.<\/li>\n<li>Patikrinkite ar nukent\u0117jusysis kv\u0117puoja \u2013 ar juda kr\u016btin\u0117s l\u0105sta, ar yra kv\u0117pavimo garsas, ar jau\u010diamas kv\u0117pavimas prid\u0117jus skruost\u0105? Trukm\u0117 neilgiau 10s.<\/li>\n<\/ol>\n<p><strong>B \u2013 Breathing \u2013Kv\u0117pavimas.<\/strong><\/p>\n<p>Dirbtinis kv\u0117pavimas gali b\u016bti atliekamas burna \u012f burn\u0105 ar burna \u012f nos\u012f, jei nukent\u0117jusiojo burna yra sunkiai su\u017ealota, ar jos negalima praverti.<\/p>\n<ol>\n<li>Ap\u017eiokite nukent\u0117jusiojo burn\u0105, kad nelikt\u0173 tarp\u0173 orui i\u0161eiti ir u\u017espauskite nukent\u0117jusiojo nos\u012f.<\/li>\n<li>\u012ep\u016bskite oro \u012f nukent\u0117jusiojo plau\u010dius ir \u017ei\u016br\u0117kite ar pakyla kr\u016btin\u0117. Jei pakyla, atlikite dar vien\u0105 \u012fp\u016btim\u0105. Jei kr\u016btin\u0117 nepasikelia pu\u010diant or\u0105, kartokite kv\u0117pavimo tak\u0173 atv\u0117rimo proced\u016br\u0105 (A). Gaivinant per minut\u0119 atlikti 20 \u012fp\u016btim\u0173.<\/li>\n<li>Jei dar kart\u0105 atv\u0117rus kv\u0117pavimo takus nepavyksta \u012fp\u016bsti oro nukent\u0117jusiajam, gaivinti kaip esant svetimk\u016bniui kv\u0117pavimo takuose.<\/li>\n<\/ol>\n<p><strong>C \u2013 Circulation \u2013 Kraujotaka.<\/strong><\/p>\n<p>Atlikus du veiksmingus \u012fp\u016btimus vertinkite nukent\u0117jusiojo kraujotak\u0105 \u010diuopdami puls\u0105 nukent\u0117jusiojo kakle, \u017easte, kirk\u0161nyje, bandykite i\u0161girsti \u0161irdies darb\u0105. Jei nukent\u0117jusiojo \u0161irdis plaka 60 ir daugiau kart\u0173 per minut\u0119, i\u0161orinio \u0161irdies masa\u017eo nereikia. Jei kraujotakos po\u017eymi\u0173 n\u0117ra, pradedamas i\u0161orinis \u0161irdies masa\u017eas.<\/p>\n<ol>\n<li>Delnai vienas ant kito dedami ant kr\u016btinkaulio tarp speneli\u0173. Rankas per alk\u016bnes laikyti i\u0161tiestas.<\/li>\n<li>Naudokite savo k\u016bno svorio j\u0117g\u0105 atlikdami kr\u016btin\u0117s l\u0105stos paspaudimus. Paspaudimai turi b\u016bti greiti, 2-4 cm gylio. Atliekama apie 100 paspaudim\u0173 per minut\u0119.<\/li>\n<li>T\u0119skite gaivinim\u0105 iki nukent\u0117jusysis atsigaus, atvyks GMP arba i\u0161kils pavojus j\u016bs\u0173 gyvybei.<\/li>\n<\/ol>\n<h2><a name=\"uzpringimas\"><\/a>K\u0105 daryti u\u017espringus<\/h2>\n<p>Suaugusieji ir ma\u017ei vaikai da\u017eniausiai u\u017espringsta valgydami. Tuomet veidas pam\u0117lsta (i\u0161tikus \u0161irdies priepuoliui, veidas pasidaro pilk\u0161vai bly\u0161kus), jis griebiasi u\u017e gerkl\u0117s, negali i\u0161tarti n\u0117 \u017eod\u017eio, d\u016bsta, nugri\u016bva. Reikia veikti labai greitai ir teisingai, t.y. didinti spaudim\u0105 plau\u010diuose, kad svetimk\u016bnis i\u0161\u0161aut\u0173 kaip kam\u0161tis.<\/p>\n<ul>\n<li>Jei \u017emogus pats kosti, nieko nedarykite.<\/li>\n<\/ul>\n<p>Jei \u017emogus nekv\u0117puoja:<\/p>\n<ul>\n<li>Staigiai sp\u016bstel\u0117kite pilv\u0105 (Heimlicho metodas). Atsistokite jam u\u017e nugaros (jei ligonis guli, atsit\u016bpkite vir\u0161 jo), apimkite rankomis liemen\u012f, u\u017ed\u0117kite kum\u0161t\u012f auk\u0161\u010diau jo bambos, o kit\u0105 pla\u0161tak\u0105 \u2013 ant kum\u0161\u010dio ir staigiai sp\u016bstel\u0117kite pilv\u0105 \u012f vid\u0173 ir auk\u0161tyn. Pakartokite tai kelet\u0105 kart\u0173. Jei gulintis ligonis vemia, pasukite galv\u0105 \u012f \u0161on\u0105, i\u0161valykite burn\u0105.<\/li>\n<li>Stipriai suduokite pla\u0161taka tarp men\u010di\u0173 5 kartus.<\/li>\n<li>Jei svetimk\u016bnis nepasi\u0161alino, v\u0117l taikykite Heimlicho metod\u0105.<\/li>\n<\/ul>\n<h2><a name=\"apsinuodijimas\"><\/a>K\u0105 daryti apsinuodijus<\/h2>\n<p>Suvalgius ar i\u0161g\u0117rus netinkam\u0173 produkt\u0173, galima apsinuodyti. Da\u017eniausi po\u017eymiai \u2013 pykinimas, v\u0117mimas, kv\u0117pavimo sutrikimai, s\u0105mon\u0117s netekimas, traukuliai. Jei \u017emogus apsinuodijo \u0161armais ir r\u016bg\u0161timis (sieros, azoto, acto), distiliuotais naftos produktais (benzinu):<\/p>\n<ul>\n<li>Nem\u0117ginkite vimdyti, kad neprakiurt\u0173 skrandis ir stempl\u0117.<\/li>\n<li>Duokite gerti daug vandens (jei ligonis turi s\u0105mon\u0119).<\/li>\n<li>Duokite aktyvuotos anglies . Svarbu: aktyvuota anglis efektyvi tik didel\u0117mis doz\u0117mis \u2013 3-4 tablet\u0117s vienam kilogramui k\u016bno mas\u0117s, pvz.: 70 kg \u017emogui reikia daugiau nei 200 table\u010di\u0173.<\/li>\n<li>U\u017ed\u0117kite \u0161alt\u0105 kompres\u0105 ant kaklo, kad nepaburkt\u0173 burnos gleivin\u0117 ir gabenkite \u012f ligonin\u0119.<\/li>\n<\/ul>\n<p>Jei \u017emogus apsinuodijo vaistais, grybais, augalais:<\/p>\n<ul>\n<li>Sukelkite v\u0117mim\u0105, pvz., pir\u0161tais, ir steb\u0117kite, kad nepaspringt\u0173 (jei ligonis turi s\u0105mon\u0119).<\/li>\n<li>Duokite gerti daug vandens (jei ligonis turi s\u0105mon\u0119).<\/li>\n<li>Duokite aktyvuotos anglies (jei ligonis turi s\u0105mon\u0119).<\/li>\n<li>Paguldykite ant \u0161ono, tikrinkite puls\u0105, jei reikia &#8211; darykite dirbtin\u012f kv\u0117pavim\u0105 ir nedelsiant gabenkite \u012f ligonin\u0119.<\/li>\n<\/ul>\n<h2><a name=\"nudegimas\"><\/a>K\u0105 daryti nudegus<\/h2>\n<p>Da\u017eniausios nudegim\u0173 prie\u017eastys \u2013 neatsargumas buityje. Pagal nudegimo po\u017eymius skiriama:<\/p>\n<ul>\n<li>pirmo laipsnio nudegimas (oda sausa ir raudona, skausminga)<\/li>\n<li>antro laipsnio nudegimas (oda raudona ir skausminga, atsiranda vandening\u0173 p\u016bsli\u0173)<\/li>\n<li>tre\u010dio laipsnio nudegimas (atsiranda gilios \u017eaizdos, odos suangl\u0117jimas).<\/li>\n<\/ul>\n<p>Apsiplikius kar\u0161tais skys\u010diais ar nudegus vis\u0173 pirma:<\/p>\n<ul>\n<li>Greitai atv\u0117sinkite nudegusi\u0105 viet\u0105 \u0161altu vandeniu (du\u0161as, vonia, baseinas). Tai ne tik numal\u0161ins skausm\u0105, bet ir u\u017ekirs keli\u0105 pa\u017eeidimui plisti gilyn \u012f audinius. Esant giliam nudegimui (2-ojo ir 3-iojo laipsnio), v\u0117sinkite iki pus\u0117s valandos arba tol, kol nebeskaud\u0117s. Atminkite: svarbiau nedelsiant v\u0117sinti nudegusi\u0105 viet\u0105, nei kviesti gydytoj\u0105.<\/li>\n<li>\u0160variai aptvarstykite \u017eaizd\u0105: i\u0161 prad\u017ei\u0173 \u017eaizdos b\u016bna \u0161varios, tod\u0117l jas reikia saugoti nuo u\u017eter\u0161imo. Didelius odos plotus laisvai pridenkite \u0161varia paklode ar rank\u0161luos\u010diu. Nereik\u0117t\u0173 nuimin\u0117ti pridegusi\u0173 prie odos r\u016bb\u0173, i\u0161skyrus smilkstan\u010dius.<\/li>\n<li>Nedelsiant kvieskite gydytoj\u0105 ar gabenkite nukent\u0117jus\u012fj\u012f \u012f ligonin\u0119.<\/li>\n<\/ul>\n<h2><a name=\"nusalimas\"><\/a>K\u0105 daryti nu\u0161alus<\/h2>\n<p>Net ir vasar\u0105 galima patirti nu\u0161alim\u0173, pvz.: jei atostogaujate kalnuose. Nu\u0161alimai b\u016bna pavir\u0161iniai ir gil\u016bs. Grei\u010diausiai nu\u0161\u0105la rank\u0173 ir koj\u0173 pir\u0161tai, ausys, nosis, skruostai ir lytiniai organai. I\u0161 prad\u017ei\u0173 od\u0105 ima dilg\u010dioti, paskui nestipriai skaud\u0117ti. V\u0117liau odoje atsiranda baltos d\u0117meles. Tai pavir\u0161inis nu\u0161alimas, kur\u012f gydyti reikia kaip galima grei\u010diau:<\/p>\n<ul>\n<li>\u0160ildykite nu\u0161alusi\u0105 viet\u0105 kitomis k\u016bno vietomis: pir\u0161tus paki\u0161kite po pa\u017eastimis, skruostus ir ausis lieskite rankomis, p\u0117das priglauskite prie draugo pilvo ir pan.<\/li>\n<li>Atsargiai \u2013 netrinkite nu\u0161alusi\u0173 viet\u0173 nei ledu, nei sniegu.<\/li>\n<\/ul>\n<p>Esant giliam nu\u0161alimui, gabenkite ligon\u012f \u012f ligonin\u0119. Prie\u0161 tai:<\/p>\n<ul>\n<li>Palaikykite k\u016bno temperat\u016br\u0105 \u2013 nune\u0161kite ligon\u012f \u012f u\u017euov\u0117j\u0105 ar \u0161iltesn\u0119 viet\u0105.<\/li>\n<li>Duokite atsigerti ko nors kar\u0161to.<\/li>\n<li>Apklokite \u0161iltais drabu\u017eiais.<\/li>\n<li>Netvarstykite nu\u0161alusios vietos.<\/li>\n<li>Netrinkite ir nemasa\u017euokite.<\/li>\n<li>Nenaudokite joki\u0173 tepal\u0173 ar milteli\u0173.<\/li>\n<\/ul>\n<h2><a name=\"silumos_smugis\"><\/a>K\u0105 daryti i\u0161tikus \u0161ilumos sm\u016bgiui<\/h2>\n<p>\u0160ilumos sm\u016bgis da\u017eniausiai i\u0161tinka d\u0117l fizinio persitempimo, dirbant ar sportuojant kar\u0161tu oru. Tuomet k\u016bno temperat\u016bra pakyla iki 40\u00b0C ir daugiau. Po\u017eymi\u0173 gali atsirasti staiga ar nepastebimai: ligon\u012f pykina, tro\u0161kina, jis viduriuoja, atsiranda galvos svaigimas, sutrikusi orientacija, mieguistumas, abejingumas, netvirta eisena, raumen\u0173 traukuliai ir net s\u0105mon\u0117s netekimas. Visa tai gali baigtis mirtimi, tod\u0117l b\u016btina veikti greitai ir efektyviai!<\/p>\n<ul>\n<li>Atverkite kv\u0117pavimo takus.<\/li>\n<li>Atv\u0117sinkite k\u016bn\u0105 \u2013 nune\u0161kite nukent\u0117jus\u012fj\u012f \u012f pav\u0117s\u012f arba apliekite \u0161altu vandeniu.<\/li>\n<li>Duokite gerti ko nors \u0161alto.<\/li>\n<li>Gabenkite \u012f ligonin\u0119.<\/li>\n<\/ul>\n","protected":false},"excerpt":{"rendered":"<p>Gaivinimo ABC K\u0105 daryti u\u017espringus K\u0105 daryti apsinuodijus K\u0105 daryti nudegus K\u0105 daryti nu\u0161alus K\u0105 daryti i\u0161tikus \u0161ilumos sm\u016bgiui Mok\u0117jimas tinkamai atlikti pradin\u012f gaivinim\u0105 yra itin svarbu gelbstint \u017emogaus gyvyb\u0119. Sustojus \u0161ird\u017eiai, i\u0161nyksta kraujotaka ir vidaus organai nebeapr\u016bpinami deguonimi. Jautriausios deguonies badui yra smegenys. Negr\u012f\u017etami pakitimai gali atsirasti jau po keli\u0173 minu\u010di\u0173, o mirtis nekv\u0117puojant\u012f&#8230;<\/p>\n","protected":false},"author":1,"featured_media":0,"parent":0,"menu_order":0,"comment_status":"closed","ping_status":"closed","template":"","meta":{"_acf_changed":false,"footnotes":""},"tags":[9965,9966,7297,1710,137,2018,1781],"class_list":["post-44546","page","type-page","status-publish","hentry","tag-airway","tag-breathing","tag-burna","tag-kvepavimas","tag-ligonis","tag-nudegimas","tag-svetimkunis"],"acf":[],"aioseo_notices":[],"_links":{"self":[{"href":"https:\/\/www.pasveik.lt\/lt\/wp-json\/wp\/v2\/pages\/44546","targetHints":{"allow":["GET"]}}],"collection":[{"href":"https:\/\/www.pasveik.lt\/lt\/wp-json\/wp\/v2\/pages"}],"about":[{"href":"https:\/\/www.pasveik.lt\/lt\/wp-json\/wp\/v2\/types\/page"}],"author":[{"embeddable":true,"href":"https:\/\/www.pasveik.lt\/lt\/wp-json\/wp\/v2\/users\/1"}],"replies":[{"embeddable":true,"href":"https:\/\/www.pasveik.lt\/lt\/wp-json\/wp\/v2\/comments?post=44546"}],"version-history":[{"count":0,"href":"https:\/\/www.pasveik.lt\/lt\/wp-json\/wp\/v2\/pages\/44546\/revisions"}],"wp:attachment":[{"href":"https:\/\/www.pasveik.lt\/lt\/wp-json\/wp\/v2\/media?parent=44546"}],"wp:term":[{"taxonomy":"post_tag","embeddable":true,"href":"https:\/\/www.pasveik.lt\/lt\/wp-json\/wp\/v2\/tags?post=44546"}],"curies":[{"name":"wp","href":"https:\/\/api.w.org\/{rel}","templated":true}]}}