{"id":44573,"date":"2015-09-04T00:00:00","date_gmt":"2015-09-04T00:00:00","guid":{"rendered":""},"modified":"2020-11-24T06:00:06","modified_gmt":"2020-11-24T08:00:06","slug":"rizikingas-nestumas","status":"publish","type":"page","link":"https:\/\/www.pasveik.lt\/lt\/nestumas\/rizikingas-nestumas\/","title":{"rendered":"Rizikingas n\u0117\u0161tumas"},"content":{"rendered":"<p style=\"text-align: justify;\">N\u0117\u0161tumas ir gimdymas yra fiziologiniai procesai, ta\u010diau j\u0173 baig\u010diai reik\u0161m\u0117s turi medicininiai, psichologiniai, socialiniai ir ekonominiai veiksniai. Jie didina n\u0117\u0161\u010diosios, gimdyv\u0117s, vaisiaus ar naujagimio pa\u017eeidimo galimyb\u0119, profesional\u0173 (specialist\u0173) intervencij\u0173 tikimyb\u0119 \u0161io n\u0117\u0161tumo, gimdymo metu arba pogimdyminiu\u00a0laikotarpiu. Tokie n\u0117\u0161tumai ir gimdymai rizikingi. N\u0117\u0161tumas gali b\u016bti <b>ma\u017eos rizikos<\/b><i>, <\/i>kai nepalank\u016bs\u00a0veiksniai nestipriai veikia n\u0117\u0161\u010di\u0105j\u0105, vaisi\u0173, ar <b>didel\u0117s <\/b>rizikos, kai d\u0117l nepalanki\u0173 veiksni\u0173 poveikio atsiranda\u00a0vaisiaus raidos yd\u0173, sutrinka augimas, pa\u017eeid\u017eiami vaisiaus organai ar sistemos, jis gali \u017e\u016bti n\u0117\u0161tumo laikotarpiu ar gali gimti nesveikas. Rizikos laipsnis n\u0117\u0161tumo laikotarpiu kinta. Svarbu tiksliai \u012fvertinti rizik\u0105, ma\u017einti nepalanki\u0173 veiksni\u0173 poveik\u012f vaisiui ir motinai, u\u017etikrinti racionali\u0105 n\u0117\u0161tumo ir gimdymo prie\u017ei\u016br\u0105. \u0160eimos gydytojai pri\u017ei\u016bri n\u0117\u0161\u010di\u0105j\u0105, kurioms rizikos veiksni\u0173 n\u0117ra ar n\u0117\u0161tumas ma\u017eai rizikingas. Didel\u0117s rizikos n\u0117\u0161\u010di\u0105j\u0105 pri\u017ei\u016bri aku\u0161eris ginekologas. Kai rizika didel\u0117, n\u0117\u0161\u010dioji gydoma ir turi gimdyti auk\u0161\u010diausio lygio paslaugas teikian\u010dioje \u012fstaigoje. Ta\u010diau mok\u0117ti \u012fvertinti rizikos laipsn\u012f ir laiku nukreipti n\u0117\u0161\u010di\u0105j\u0105 aku\u0161erio\u00a0ginekologo konsultacijai \u2013 \u0161eimos gydytojo pareiga. Didel\u0117s perinatalin\u0117s rizikos veiksniai skirstomi \u012f 5 grupes. Kai yra bent vienas i\u0161 \u0161i\u0173 veiksni\u0173, n\u0117\u0161tumas yra didel\u0117s perinatalin\u0117s rizikos (2.1 lentel\u0117).<\/p>\n<p><img loading=\"lazy\" decoding=\"async\" style=\"display: block; margin-left: auto; margin-right: auto;\" src=\"\/wp-content\/uploads\/2020\/11\/2.1lentele.jpg\" alt=\"pasveik.lt\" width=\"595\" height=\"184\" \/><img loading=\"lazy\" decoding=\"async\" style=\"display: block; margin-left: auto; margin-right: auto;\" src=\"\/wp-content\/uploads\/2020\/11\/tesinys2.1.jpg\" alt=\"pasveik.lt\" width=\"586\" height=\"550\" \/><\/p>\n<p style=\"text-align: justify;\">Perinatalin\u0119 rizik\u0105 reikia vertinti dinami\u0161kai, individualiai. \u012evair\u016bs rizikos veiksniai skirtingai veikia vaisi\u0173, n\u0117\u0161\u010di\u0105j\u0105, gimdyv\u0119 bei naujagim\u012f. Tod\u0117l svarbu tiksliai prognozuoti ir pasirinkti racionali\u0105 n\u0117\u0161tumo bei gimdymo prie\u017ei\u016br\u0105.<\/p>\n","protected":false},"excerpt":{"rendered":"<p>N\u0117\u0161tumas ir gimdymas yra fiziologiniai procesai, ta\u010diau j\u0173 baig\u010diai reik\u0161m\u0117s turi medicininiai, psichologiniai, socialiniai ir ekonominiai veiksniai. Jie didina n\u0117\u0161\u010diosios, gimdyv\u0117s, vaisiaus ar naujagimio pa\u017eeidimo galimyb\u0119, profesional\u0173 (specialist\u0173) intervencij\u0173 tikimyb\u0119 \u0161io n\u0117\u0161tumo, gimdymo metu arba pogimdyminiu\u00a0laikotarpiu. Tokie n\u0117\u0161tumai ir gimdymai rizikingi. N\u0117\u0161tumas gali b\u016bti ma\u017eos rizikos, kai nepalank\u016bs\u00a0veiksniai nestipriai veikia n\u0117\u0161\u010di\u0105j\u0105, vaisi\u0173, ar didel\u0117s rizikos,&#8230;<\/p>\n","protected":false},"author":1,"featured_media":0,"parent":44531,"menu_order":0,"comment_status":"closed","ping_status":"closed","template":"","meta":{"_acf_changed":false,"footnotes":""},"tags":[329],"class_list":["post-44573","page","type-page","status-publish","hentry","tag-nestumas"],"acf":[],"aioseo_notices":[],"_links":{"self":[{"href":"https:\/\/www.pasveik.lt\/lt\/wp-json\/wp\/v2\/pages\/44573","targetHints":{"allow":["GET"]}}],"collection":[{"href":"https:\/\/www.pasveik.lt\/lt\/wp-json\/wp\/v2\/pages"}],"about":[{"href":"https:\/\/www.pasveik.lt\/lt\/wp-json\/wp\/v2\/types\/page"}],"author":[{"embeddable":true,"href":"https:\/\/www.pasveik.lt\/lt\/wp-json\/wp\/v2\/users\/1"}],"replies":[{"embeddable":true,"href":"https:\/\/www.pasveik.lt\/lt\/wp-json\/wp\/v2\/comments?post=44573"}],"version-history":[{"count":0,"href":"https:\/\/www.pasveik.lt\/lt\/wp-json\/wp\/v2\/pages\/44573\/revisions"}],"up":[{"embeddable":true,"href":"https:\/\/www.pasveik.lt\/lt\/wp-json\/wp\/v2\/pages\/44531"}],"wp:attachment":[{"href":"https:\/\/www.pasveik.lt\/lt\/wp-json\/wp\/v2\/media?parent=44573"}],"wp:term":[{"taxonomy":"post_tag","embeddable":true,"href":"https:\/\/www.pasveik.lt\/lt\/wp-json\/wp\/v2\/tags?post=44573"}],"curies":[{"name":"wp","href":"https:\/\/api.w.org\/{rel}","templated":true}]}}