{"id":65808,"date":"2021-02-10T10:15:14","date_gmt":"2021-02-10T12:15:14","guid":{"rendered":"https:\/\/www.pasveik.lt\/?page_id=65808"},"modified":"2021-02-10T10:15:14","modified_gmt":"2021-02-10T12:15:14","slug":"vyru-reikaliukai","status":"publish","type":"page","link":"https:\/\/www.pasveik.lt\/lt\/vyru-reikaliukai\/","title":{"rendered":"Vyr\u0173 reikaliukai"},"content":{"rendered":"<div class=\"ipsContainer container-block\">\r\n    <h2><span style=\"background-color: #ffffff;\"><strong>P<span style=\"color: #000000;\">RIE\u0160LAIKIN\u0116 EJAKULIACIJA. AR VISK\u0104 \u017dINAI?<\/span><\/strong><\/span><\/h2>\n    <\/div>\r\n\n\n\n<figure class=\"wp-block-image size-large\"><img loading=\"lazy\" decoding=\"async\" width=\"500\" height=\"334\" src=\"https:\/\/pasveik.lt\/wp-content\/uploads\/2021\/02\/Prieslaikine_ejakuliacija_1_1_2.jpg\" alt=\"\" class=\"wp-image-65816\" srcset=\"https:\/\/www.pasveik.lt\/wp-content\/uploads\/2021\/02\/Prieslaikine_ejakuliacija_1_1_2.jpg 500w, https:\/\/www.pasveik.lt\/wp-content\/uploads\/2021\/02\/Prieslaikine_ejakuliacija_1_1_2-300x200.jpg 300w\" sizes=\"auto, (max-width: 500px) 100vw, 500px\" \/><\/figure>\n\n\n<div class=\"ipsContainer container-block\">\r\n    <div class=\"ipWidget\">\n<p><b>Prie\u0161laikin\u0117<\/b><b> <\/b><b>ejakuliacija<\/b>&nbsp;\u012fvyksta, kai vyras ejakuliuoja grei\u010diau nei jis arba partner\u0117 nor\u0117t\u0173.<\/p>\n<p>Svarbiausi kriterijai, \u012f kuriuos atsi\u017evelgiama pripa\u017e\u012fstant prie\u0161laikin\u0119 ejakuliacij\u0105 yra \u0161ie:<\/p>\n<ol>\n<li>Trumpas laikotarpis nuo prasiskverbimo \u012f mak\u0161t\u012f iki ejakuliacijos. Kai kurie<b>&nbsp;<\/b><b>vyrai<\/b><b> <\/b><b>ejakuliuoja<\/b>&nbsp;netgi paruo\u0161iam\u0173j\u0173 glamoni\u0173 metu dar prie\u0161 penetracij\u0105 arba esant pirmajam kontaktui su mak\u0161timi.<\/li>\n<li>Ejakuliacijos kontrol\u0117s stoka.<\/li>\n<li>Patiriamos neigiamos emocijos, kaip antai nusivylimas, nerimas ir artumo vengimas.<\/li>\n<\/ol>\n<p>Prie\u0161laikin\u0117 ejakuliacija gydoma&nbsp; dviem esmin\u0117mis priemon\u0117mis:&nbsp;<\/p>\n<ol>\n<li><b>Psichoterapija<\/b>. Ji ypa\u010d indikuotina esant ry\u0161ki\u0173 neurozinio sutrikimo po\u017eymi\u0173 ir reikiamai paciento motyvacijai.<\/li>\n<li><b>Medikamentinis<\/b><b> <\/b><b>gydymas<\/b>Dauguma vyr\u0173, turin\u010di\u0173 prie\u0161laikin\u0119 ejakuliacij\u0105, renkasi b\u016btent medikamentin\u012f gydym\u0105. Jis nesud\u0117tingas, lengviau prieinamas, nereikalingas ypating\u0173 paciento ir jo partner\u0117s pastang\u0173 ar dideli\u0173 laiko s\u0105naud\u0173.<\/li>\n<\/ol>\n<p><b>Prie\u0161 kelis metus Lietuvoje atsirado pirmasis geriamas vaistas dapoksetinas, kuris pagal indikacijas gali b\u016bti naudojamas prie\u0161 lytin\u012f akt\u0105, siekiant j\u012f prailginti.<\/b><\/p>\n<\/div>\n    <\/div>\r\n","protected":false},"excerpt":{"rendered":"","protected":false},"author":1,"featured_media":0,"parent":0,"menu_order":0,"comment_status":"closed","ping_status":"closed","template":"templates\/no-container.php","meta":{"_acf_changed":false,"footnotes":""},"tags":[],"class_list":["post-65808","page","type-page","status-publish","hentry"],"acf":[],"aioseo_notices":[],"_links":{"self":[{"href":"https:\/\/www.pasveik.lt\/lt\/wp-json\/wp\/v2\/pages\/65808","targetHints":{"allow":["GET"]}}],"collection":[{"href":"https:\/\/www.pasveik.lt\/lt\/wp-json\/wp\/v2\/pages"}],"about":[{"href":"https:\/\/www.pasveik.lt\/lt\/wp-json\/wp\/v2\/types\/page"}],"author":[{"embeddable":true,"href":"https:\/\/www.pasveik.lt\/lt\/wp-json\/wp\/v2\/users\/1"}],"replies":[{"embeddable":true,"href":"https:\/\/www.pasveik.lt\/lt\/wp-json\/wp\/v2\/comments?post=65808"}],"version-history":[{"count":0,"href":"https:\/\/www.pasveik.lt\/lt\/wp-json\/wp\/v2\/pages\/65808\/revisions"}],"wp:attachment":[{"href":"https:\/\/www.pasveik.lt\/lt\/wp-json\/wp\/v2\/media?parent=65808"}],"wp:term":[{"taxonomy":"post_tag","embeddable":true,"href":"https:\/\/www.pasveik.lt\/lt\/wp-json\/wp\/v2\/tags?post=65808"}],"curies":[{"name":"wp","href":"https:\/\/api.w.org\/{rel}","templated":true}]}}