{"id":65822,"date":"2021-02-10T10:27:27","date_gmt":"2021-02-10T12:27:27","guid":{"rendered":"https:\/\/www.pasveik.lt\/?page_id=65822"},"modified":"2021-02-10T10:27:27","modified_gmt":"2021-02-10T12:27:27","slug":"gandai-is-miegamojo","status":"publish","type":"page","link":"https:\/\/www.pasveik.lt\/lt\/gandai-is-miegamojo\/","title":{"rendered":"Gandai i\u0161 miegamojo"},"content":{"rendered":"\n<div class=\"wp-block-columns is-layout-flex wp-container-core-columns-is-layout-9d6595d7 wp-block-columns-is-layout-flex\">\n<div class=\"wp-block-column is-layout-flow wp-block-column-is-layout-flow\">\n<figure class=\"wp-block-image size-large\"><img loading=\"lazy\" decoding=\"async\" width=\"500\" height=\"337\" src=\"https:\/\/pasveik.lt\/wp-content\/uploads\/2021\/02\/Erekcija_vyras__2.jpg\" alt=\"\" class=\"wp-image-65823\" srcset=\"https:\/\/www.pasveik.lt\/wp-content\/uploads\/2021\/02\/Erekcija_vyras__2.jpg 500w, https:\/\/www.pasveik.lt\/wp-content\/uploads\/2021\/02\/Erekcija_vyras__2-300x202.jpg 300w\" sizes=\"auto, (max-width: 500px) 100vw, 500px\" \/><\/figure>\n<\/div>\n\n\n\n<div class=\"wp-block-column is-layout-flow wp-block-column-is-layout-flow\"><div class=\"ipsContainer container-block\">\r\n    <div class=\"ipWidget ipWidget-Text ipSkin-default\">\n<h3 style=\"text-align: justify;\"><b>1 GANDAS. <\/b>Kuo daugiau met\u0173 tuo sunkiau patirti erekcij\u0105.<\/h3>\n<p style=\"text-align: justify;\">\n<p style=\"text-align: justify;\">Ir taip ir ne. Jauni vyrai da\u017enai kreipiasi d\u0117l erekcijos sutrikim\u0173, kuriuos sukelia nepasitik\u0117jimas savo geb\u0117jimais lovoje ar klaidingi \u012fsitikinimai d\u0117l lytinio gyvenimo norm\u0173.. Vyresniems nei 50 met\u0173 vyrams da\u017eniau atsiranda kraujagysli\u0173 lig\u0173 nulemtas <strong><a href=\"https:\/\/www.pasveik.lt\/lt\/ligos-ir-sindromai\/erekcijos-sutrikimas\/4446\/\" target=\"_blank\">erekcijos sutrikimas<\/a><\/strong>, ta\u010diau \u0161ioje vietoje tikslesnis yra ne kalendorinis am\u017eius, o k\u016bno susid\u0117v\u0117jimo, t.y. biologinis am\u017eius. Atrodantys kaip seniai ar r\u016bkantys ilgiau nei 20 met\u0173 turi daugiau erekcijos sutrikim\u0173.<\/p>\n<h2 style=\"text-align: justify;\"><b>MOTO<\/b>: Sveikame k\u016bne ir prote \u2013 sveika erekcija<\/h2>\n<\/p>\n<h5 style=\"text-align: justify;\"><span style=\"color: #000000;\">V\u0117liausiai Lietuvos rinkoje pasirod\u0119s vaistas erekcijai gerinti yra <strong><a href=\"https:\/\/pasveik.lt\/lt\/vaistai\/spedra-\/5051\/\" target=\"_blank\">avanafilis<\/a><\/strong>. Tai pats \u201egrei\u010diausias\u201c \u0161ios grup\u0117s vaistas, kuris pradeda veikti po 15 minu\u010di\u0173, bet sekse skub\u0117ti nepatartina.<\/span><\/h5>\n<\/div>\n    <\/div>\r\n<\/div>\n<\/div>\n\n\n\n<div class=\"wp-block-columns is-layout-flex wp-container-core-columns-is-layout-9d6595d7 wp-block-columns-is-layout-flex\">\n<div class=\"wp-block-column is-layout-flow wp-block-column-is-layout-flow\">\n<figure class=\"wp-block-image size-large\"><img loading=\"lazy\" decoding=\"async\" width=\"500\" height=\"333\" src=\"https:\/\/pasveik.lt\/wp-content\/uploads\/2021\/02\/2_Gandas_avanafilis_2.jpg\" alt=\"\" class=\"wp-image-65829\" srcset=\"https:\/\/www.pasveik.lt\/wp-content\/uploads\/2021\/02\/2_Gandas_avanafilis_2.jpg 500w, https:\/\/www.pasveik.lt\/wp-content\/uploads\/2021\/02\/2_Gandas_avanafilis_2-300x200.jpg 300w\" sizes=\"auto, (max-width: 500px) 100vw, 500px\" \/><\/figure>\n<\/div>\n\n\n\n<div class=\"wp-block-column is-layout-flow wp-block-column-is-layout-flow\"><div class=\"ipsContainer container-block\">\r\n    <div class=\"ipWidget ipWidget-Text ipSkin-default\">\n<h3 style=\"text-align: justify;\"><strong>2<\/strong><b> GANDAS. <\/b>Lytinis aktas galimas tik pasiekus \u201egele\u017ein\u0119\u201c erekcij\u0105<\/h3>\n<p style=\"text-align: justify;\"><i>&nbsp;<\/i><\/p>\n<p style=\"text-align: justify;\">Ta\u0161kus neb\u016btina visada pelnyti dedant i\u0161 vir\u0161aus. Erekcijos standumo turi pakakti varpos \u012fst\u016bmimui \u012f mak\u0161t\u012f, o toliau technikos reikalas. Jei varpos judesi\u0173 amplitud\u0117 nedidel\u0117, varpa&nbsp; \u012f mak\u0161t\u012f stumiama kuo tiesiau ir sutepimas idealus, tai \u201egele\u017ein\u0117\u201c erekcija tikrai neb\u016btina. Deja. yra toki\u0173 jaunuoli\u0173, kurie visi\u0161kai atsiribojo nuo lytini\u0173 santyki\u0173 vien d\u0117l to, kad nusprend\u017eia jog j\u0173 varpa nepakankamai standi.<\/p>\n<h2 style=\"text-align: justify;\"><b>MOTO<\/b>: Sekse pirmiausia technika, \u201estandumas\u201c po to.<\/h2>\n<\/div>\n    <\/div>\r\n<\/div>\n<\/div>\n\n\n\n<div class=\"wp-block-columns is-layout-flex wp-container-core-columns-is-layout-9d6595d7 wp-block-columns-is-layout-flex\">\n<div class=\"wp-block-column is-layout-flow wp-block-column-is-layout-flow\">\n<figure class=\"wp-block-image size-large\"><img loading=\"lazy\" decoding=\"async\" width=\"414\" height=\"400\" src=\"https:\/\/pasveik.lt\/wp-content\/uploads\/2021\/02\/3_Gandas_avanafilis_pasveik_lt_2.jpg\" alt=\"\" class=\"wp-image-65830\" srcset=\"https:\/\/www.pasveik.lt\/wp-content\/uploads\/2021\/02\/3_Gandas_avanafilis_pasveik_lt_2.jpg 414w, https:\/\/www.pasveik.lt\/wp-content\/uploads\/2021\/02\/3_Gandas_avanafilis_pasveik_lt_2-300x290.jpg 300w\" sizes=\"auto, (max-width: 414px) 100vw, 414px\" \/><\/figure>\n<\/div>\n\n\n\n<div class=\"wp-block-column is-layout-flow wp-block-column-is-layout-flow\"><div class=\"ipsContainer container-block\">\r\n    <div class=\"ipWidget ipWidget-Text ipSkin-default\">\n<h3 style=\"text-align: justify;\"><strong>3 GANDAS. <\/strong>Erekcijai gerinti vaistai kaip narkotikas, prad\u0117jus vartoti gali nepatirti nat\u016bralios erekcijos<\/h3>\n<p style=\"text-align: justify;\">\n<p style=\"text-align: justify;\">Erekcjai gerinti skirti vaistai fizin\u0117s priklausomyb\u0117s nesukelia.<\/p>\n<p style=\"text-align: justify;\">Jei jaunuolis nepasitiki savo galimyb\u0117mis, jis gali tapti psichologi\u0161kai priklausomas nuo medikament\u0173 gerinan\u010di\u0173 erekcij\u0105.<\/p>\n<p style=\"text-align: justify;\">Kraujagysli\u0173 susid\u0117v\u0117jimo nulemto erekcijos sutrikimo prie\u017easties \u2013 prast\u0173 kraujagysli\u0173 \u2013 pilnai i\u0161gydyti ne\u012fmanoma, tod\u0117l erekcijai pasiekti vaistai gali b\u016bti reikalingi iki lytinio gyvenimo pabaigos, o blog\u0117jant kraujagysli\u0173 b\u016bklei gali prireikti didinti doz\u0119.<\/p>\n<h3 style=\"text-align: justify;\"><b>MOTO<\/b>: Vaistai &#8211; tai kuro priedas, o ne naujas variklis<\/h3>\n<\/div>\n    <\/div>\r\n<\/div>\n<\/div>\n\n\n\n<div class=\"wp-block-columns is-layout-flex wp-container-core-columns-is-layout-9d6595d7 wp-block-columns-is-layout-flex\">\n<div class=\"wp-block-column is-layout-flow wp-block-column-is-layout-flow\">\n<figure class=\"wp-block-image size-large\"><img loading=\"lazy\" decoding=\"async\" width=\"500\" height=\"334\" src=\"https:\/\/pasveik.lt\/wp-content\/uploads\/2021\/02\/Vyriskumo_faktai_pasveik_lt_2.jpg\" alt=\"\" class=\"wp-image-65831\" srcset=\"https:\/\/www.pasveik.lt\/wp-content\/uploads\/2021\/02\/Vyriskumo_faktai_pasveik_lt_2.jpg 500w, https:\/\/www.pasveik.lt\/wp-content\/uploads\/2021\/02\/Vyriskumo_faktai_pasveik_lt_2-300x200.jpg 300w\" sizes=\"auto, (max-width: 500px) 100vw, 500px\" \/><\/figure>\n<\/div>\n\n\n\n<div class=\"wp-block-column is-layout-flow wp-block-column-is-layout-flow\"><div class=\"ipsContainer container-block\">\r\n    <div class=\"ipWidget ipWidget-Text ipSkin-default\">\n<p style=\"text-align: justify;\">1. Da\u017eniausiai erekcijos terminas vartojamas <a href=\"https:\/\/www.pasveik.lt\/lt\/sveikatos-ir-medicinos-naujienos\/erekcijos-problemu-priezastys-slypi-ne-tik-galvoje\/73733\/\" target=\"_blank\"><b>vyro erekcijai<\/b> <\/a>\u012fvardinti, kuri yra elementariausias ir pastoviausias vyro lytinis refleksas ir viena i\u0161 pagrindini\u0173 s\u0105lyg\u0173 suei\u010diai.<\/p>\n<p style=\"text-align: justify;\">2. Jei ramyb\u0117s b\u016bkl\u0117je varpa yra 5-7 cm ilgio, tai sustand\u0117jusi yra 15-16 cm (kartais, bet retai, siekia net 20 cm) ilgio ir 2-2,5 cm skersmens, varpos t\u016bris padid\u0117ja 3-4 kartus.<\/p>\n<p style=\"text-align: justify;\">3.Erekcijos intensyvumas priklauso nuo lytinio susijaudinimo ir i\u0161orini\u0173 veiksni\u0173.<\/p>\n<p style=\"text-align: justify;\">4.Paprastai, erekcija s\u0105moniningai n\u0117ra kontroliuojama, ta\u010diau sveikam vyrui pavyksta j\u0105 i\u0161laikyti kiek ilgiau (yra ir tam tikri metodai erekcijai i\u0161laikyti). Tai ypa\u010d svarbu sueities metu. Ta\u010diau&nbsp;<strong><a href=\"https:\/\/www.pasveik.lt\/lt\/ligos-ir-sindromai\/erekcijos-sutrikimas\/4446\/\" target=\"_blank\">erekcija<\/a><\/strong> gali sutrikti arba b\u016bti silpna d\u0117l nepakankamos seksualin\u0117s stimuliacijos, nuovargio, psichin\u0117s traumos, apsinuodijus ir kt.<\/p>\n<p style=\"text-align: justify;\">5.\u0160iais laikais erekcijos sutrikimams gydyti yra keturi preparatai \u2013 senesn\u0117s kartos tadalafilis, sildenafilis, vardenafilis ir naujos kartos &#8211; <strong><a href=\"https:\/\/pasveik.lt\/lt\/vaistai\/spedra-\/5051\/\" target=\"_blank\">avanafilis<\/a>.<\/strong><\/p>\n<\/div>\n    <\/div>\r\n\n\n\n<p><\/p>\n<\/div>\n<\/div>\n\n\n\n<div class=\"wp-block-columns is-layout-flex wp-container-core-columns-is-layout-9d6595d7 wp-block-columns-is-layout-flex\">\n<div class=\"wp-block-column is-layout-flow wp-block-column-is-layout-flow\">\n<figure class=\"wp-block-image size-large\"><img loading=\"lazy\" decoding=\"async\" width=\"500\" height=\"334\" src=\"https:\/\/pasveik.lt\/wp-content\/uploads\/2021\/02\/Prieslaikine_ejakuliacija_1_1_2.jpg\" alt=\"\" class=\"wp-image-65816\" srcset=\"https:\/\/www.pasveik.lt\/wp-content\/uploads\/2021\/02\/Prieslaikine_ejakuliacija_1_1_2.jpg 500w, https:\/\/www.pasveik.lt\/wp-content\/uploads\/2021\/02\/Prieslaikine_ejakuliacija_1_1_2-300x200.jpg 300w\" sizes=\"auto, (max-width: 500px) 100vw, 500px\" \/><\/figure>\n<\/div>\n\n\n\n<div class=\"wp-block-column is-layout-flow wp-block-column-is-layout-flow\"><div class=\"ipsContainer container-block\">\r\n    <div class=\"ipWidget ipWidget-Text ipSkin-default\">\n<p><a href=\"https:\/\/www.pasveik.lt\/lt\/ligos-ir-sindromai\/prieslaikine-ejakuliacija\/71556\/\" target=\"_blank\"><b>Prie\u0161laikin\u0117 ejakuliacija<\/b> <\/a>\u012fvyksta, kai vyras ejakuliuoja grei\u010diau nei jis arba partner\u0117 nor\u0117t\u0173.<\/p>\n<p>Svarbiausi kriterijai, \u012f kuriuos atsi\u017evelgiama pripa\u017e\u012fstant prie\u0161laikin\u0119 ejakuliacij\u0105 yra \u0161ie:<\/p>\n<ol>\n<li>1.Trumpas laikotarpis nuo prasiskverbimo \u012f mak\u0161t\u012f iki ejakuliacijos. Kai kurie<strong>&nbsp;<a href=\"https:\/\/www.pasveik.lt\/lt\/sveikatos-ir-medicinos-naujienos\/visa-gyvenima-pirmam-baigti-ne-nuosprendis-\/73914\/\" target=\"_blank\">vyrai ejakuliuoja<\/a><\/strong> netgi paruo\u0161iam\u0173j\u0173 glamoni\u0173 metu dar prie\u0161 penetracij\u0105 arba esant pirmajam kontaktui su mak\u0161timi.<\/li>\n<li>2.Ejakuliacijos kontrol\u0117s stoka.<\/li>\n<li>3.Patiriamos neigiamos emocijos, kaip antai nusivylimas, nerimas ir artumo vengimas.<\/li>\n<\/ol>\n<p>Prie\u0161laikin\u0117 ejakuliacija gydoma veikiant dviem esmin\u0117mis kryptimis:&nbsp;<\/p>\n<p>1. <strong>Psichoterapija<\/strong>. Ji ypa\u010d indikuotina esant ry\u0161ki\u0173 neurozinio sutrikimo po\u017eymi\u0173 ir reikiamai paciento motyvacijai.<\/p>\n<p>2. <a href=\"https:\/\/www.pasveik.lt\/lt\/sveikatos-ir-medicinos-naujienos\/prieslaikines-ejakuliacijos-gydymas:-nuo-psichologo-iki-radijo-bangu\/73448\/\" target=\"_blank\"><strong>Medikamentinis gydymas.<\/strong> <\/a>Dauguma vyr\u0173, turin\u010di\u0173 prie\u0161laikin\u0119 ejakuliacij\u0105, renkasi b\u016btent medikamentin\u012f gydym\u0105. Jis nesud\u0117tingas, lengviau prieinamas, nereikalingas ypating\u0173 paciento ir jo partner\u0117s pastang\u0173 ar dideli\u0173 laiko s\u0105naud\u0173.<\/p>\n<p><strong>Prie\u0161 kelis metus Lietuvoje atsirado <a href=\"https:\/\/www.pasveik.lt\/lt\/vaistai\/priligy\/11059\/\" target=\"_blank\">pirmasis geriamas vaistas<\/a>&nbsp;dapoksetinas, kuris pagal indikacijas gali b\u016bti naudojamas prie\u0161 lytin\u012f akt\u0105, siekiant j\u012f prailginti.<\/strong><\/p>\n<\/div>\n    <\/div>\r\n<\/div>\n<\/div>\n\n\n\n<h2 class=\"wp-block-heading\">TAIP PAT SKAITYKITE:<\/h2>\n\n\n\n<div class=\"wp-block-columns is-layout-flex wp-container-core-columns-is-layout-9d6595d7 wp-block-columns-is-layout-flex\">\n<div class=\"wp-block-column is-layout-flow wp-block-column-is-layout-flow\">\n<figure class=\"wp-block-image size-large\"><img loading=\"lazy\" decoding=\"async\" width=\"500\" height=\"334\" src=\"https:\/\/pasveik.lt\/wp-content\/uploads\/2021\/02\/Gandai_is_miegamojo_pasveik_lt_2.jpg\" alt=\"\" class=\"wp-image-65834\" srcset=\"https:\/\/www.pasveik.lt\/wp-content\/uploads\/2021\/02\/Gandai_is_miegamojo_pasveik_lt_2.jpg 500w, https:\/\/www.pasveik.lt\/wp-content\/uploads\/2021\/02\/Gandai_is_miegamojo_pasveik_lt_2-300x200.jpg 300w\" sizes=\"auto, (max-width: 500px) 100vw, 500px\" \/><\/figure>\n<\/div>\n\n\n\n<div class=\"wp-block-column is-layout-flow wp-block-column-is-layout-flow\"><div class=\"ipsContainer container-block\">\r\n    <div class=\"ipWidget ipWidget-Text ipSkin-default\">\n<p><strong><a href=\"https:\/\/www.pasveik.lt\/lt\/sveikatos-ir-medicinos-naujienos\/erekcijos-problemu-priezastys-slypi-ne-tik-galvoje\/73733\/\" target=\"_blank\">Erekcijos problem\u0173 prie\u017eastys slypi ne tik galvoje&gt;&gt;<\/a><\/strong><\/p>\n<p><strong> <!-- Bootstrap CSS  --> <!-- Font Awesome CSS --> <!-- Responsive CSS Styles  --> <!-- Css3 Transitions Styles  --> \u00ad <a href=\"https:\/\/www.pasveik.lt\/lt\/sveikatos-ir-medicinos-naujienos\/gigantiski-raumenys-trumpas-lytinis-aktas\/74020\/\" target=\"_blank\">Giganti\u0161ki raumenys &#8211; trumpas lytinis aktas<!--<script type='text\/javascript'>\n            var googletag = googletag || {};\n            googletag.cmd = googletag.cmd || [];\n            (function() {\n                var gads = document.createElement('script');\n                gads.async = true;\n                gads.type = 'text\/javascript';\n                var useSSL = 'https:' == document.location.protocol;\n                gads.src = (useSSL ? 'https:' : 'http:') +\n                    '\/\/www.googletagservices.com\/tag\/js\/gpt.js';\n                var node = document.getElementsByTagName('script')[0];\n                node.parentNode.insertBefore(gads, node);\n            })();\n\n        <\/script>\n\n\t<script type='text\/javascript'>\n\t\tgoogletag.cmd.push(function() {\n\t\t\tvar middleSizes = googletag.sizeMapping().\n\t\t\t\taddSize([300, 300], [300, 250]).\n\t\t\t\taddSize([680, 250], [680, 200]).\n\t\t\t\taddSize([980, 300], [680, 200]).\n\t\t\t\taddSize([1000, 400], [[770, 200],[680, 200]]).\t\t\t\n\t\t\t\tbuild();\n\t\t\twindow.middle= googletag.defineSlot('\/70974462\/pasveik_middle', [[770, 200],[680, 200]], 'div-gpt-ad-1406027958255-0').\n\t\t\t\tdefineSizeMapping(middleSizes).\n\t\t\t\taddService(googletag.pubads()).\n\t\t\t\tsetCollapseEmptyDiv(true);\n\t\t\tvar headerSizes = googletag.sizeMapping().\n\t\t\t\taddSize([300, 300], [300, 250]).\n\t\t\t\taddSize([680, 250], [680, 200]).\n\t\t\t\taddSize([980, 300], [980, 200]).\n\t\t\t\taddSize([1170, 400], [[1170,200],[1000,300],[980,200]]).\t\n\t\t\t\tbuild();\n\t\t\twindow.header= googletag.defineSlot('\/70974462\/pasveik_header', [[1170,200],[1000,300],[980,200]], 'div-gpt-ad-1421735655700-0').\n\t\t\t\tdefineSizeMapping(headerSizes).\n\t\t\t\taddService(googletag.pubads()).\n\t\t\t\tsetCollapseEmptyDiv(true);\n\t\t\tvar sideSizes = googletag.sizeMapping().\n\t\t\t\taddSize([300, 300], [[300,300],[300,250]]).\n\t\t\t\taddSize([680, 250], [[300,300],[300,250]]).\n\t\t\t\taddSize([980, 300], [[300,300],[300,250]]).\n\t\t\t\taddSize([1000, 400], [[300,300],[300,250]]).\n\t\t\t\tbuild();\n\t\t\twindow.side= googletag.defineSlot(\n\t\t\t\t'\/70974462\/pasveik_sidebar_right_1', [300,300], 'div-gpt-ad-1406027982159-0').\n\t\t\t\tdefineSizeMapping(sideSizes).\n\t\t\t\taddService(googletag.pubads());\n\t\t\tgoogletag.pubads().enableSingleRequest();\n\t\t\tgoogletag.enableServices();\n\t\t});\n\t<\/script> -->&gt;&gt;<\/a><b><\/b><\/strong><\/p>\n<p><strong> <!-- Bootstrap CSS  --> <!-- Font Awesome CSS --> <!-- Responsive CSS Styles  --> <!-- Css3 Transitions Styles  --> \u00ad <a href=\"https:\/\/www.pasveik.lt\/lt\/sveikatos-ir-medicinos-naujienos\/prieslaikine-ejakuliacija---zenklas-jog--suslubavo--poros-santykiai-\/73420\/\" target=\"_blank\">Prie\u0161laikin\u0117 ejakuliacija \u2013 \u017eenklas, jog \u201esu\u0161lubavo\u201c poros santykiai? <b>&gt;&gt;<\/b><\/a><\/strong><\/p>\n<p><strong> <!-- Bootstrap CSS  --> <!-- Font Awesome CSS --> <!-- Responsive CSS Styles  --> <!-- Css3 Transitions Styles  --> \u00ad <a href=\"https:\/\/www.pasveik.lt\/lt\/sveikatos-ir-medicinos-naujienos\/vyras-vengia-intymiu-santykiu-galimos-sveikatos-problemos\/73715\/\" target=\"_blank\">\u017dmonos atvirumo injekcija: ar a\u0161 jo nebetraukiu?<b>&gt;&gt;<\/b>&nbsp;<\/a><b><\/b><\/strong><\/p>\n<p><strong> <!-- Bootstrap CSS  --> <!-- Font Awesome CSS --> <!-- Responsive CSS Styles  --> <!-- Css3 Transitions Styles  --> \u00ad&nbsp;<a href=\"https:\/\/www.pasveik.lt\/lt\/sveikatos-ir-medicinos-naujienos\/ar-erekcijos-funkcijos-sutrikimai-yra-senejimo-proceso-dalis-\/73568\/\" target=\"_blank\">Vyrai, AKTUALIJA, Jums!Erekcijos sutrikimai ir sen\u0117jimas. Kaip tai susij\u0119?&gt;&gt;<\/a><b><\/b><\/strong><\/p>\n<p><strong> <!-- Bootstrap CSS  --> <!-- Font Awesome CSS --> <!-- Responsive CSS Styles  --> <!-- Css3 Transitions Styles  --> \u00ad&nbsp;<a href=\"https:\/\/www.pasveik.lt\/lt\/sveikatos-ir-medicinos-naujienos\/visa-gyvenima-pirmam-baigti-ne-nuosprendis-\/73914\/\" target=\"_blank\">Vis\u0105 gyvenim\u0105 pirmam baigti \u2013 ne nuosprendis! &gt;&gt;<\/a><b><\/b><\/strong><\/p>\n<p><strong> <!-- Bootstrap CSS  --> <!-- Font Awesome CSS --> <!-- Responsive CSS Styles  --> <!-- Css3 Transitions Styles  --> \u00ad&nbsp;<a href=\"https:\/\/www.pasveik.lt\/lt\/sveikatos-ir-medicinos-naujienos\/prieslaikines-ejakuliacijos-gydymas:-nuo-psichologo-iki-radijo-bangu\/73448\/\" target=\"_blank\">Prie\u0161laikin\u0117s ejakuliacijos gydymas: nuo psichologo iki radijo bang\u0173&gt;&gt;<\/a><b><\/b><\/strong><\/p>\n<p><strong> <!-- Bootstrap CSS  --> <!-- Font Awesome CSS --> <!-- Responsive CSS Styles  --> <!-- Css3 Transitions Styles  --> \u00ad <a href=\"https:\/\/www.pasveik.lt\/lt\/sveikatos-ir-medicinos-naujienos\/ivairiu-tautu-poziuris-i-seksa-\/73894\/\" target=\"_blank\">\u012evairi\u0173 taut\u0173 po\u017ei\u016bris \u012f seks\u0105. &gt;&gt;<\/a><\/strong><\/p>\n<\/div>\n    <\/div>\r\n<\/div>\n<\/div>\n","protected":false},"excerpt":{"rendered":"<p>TAIP PAT SKAITYKITE:<\/p>\n","protected":false},"author":1,"featured_media":0,"parent":0,"menu_order":0,"comment_status":"closed","ping_status":"closed","template":"templates\/no-container.php","meta":{"_acf_changed":false,"footnotes":""},"tags":[],"class_list":["post-65822","page","type-page","status-publish","hentry"],"acf":[],"aioseo_notices":[],"_links":{"self":[{"href":"https:\/\/www.pasveik.lt\/lt\/wp-json\/wp\/v2\/pages\/65822","targetHints":{"allow":["GET"]}}],"collection":[{"href":"https:\/\/www.pasveik.lt\/lt\/wp-json\/wp\/v2\/pages"}],"about":[{"href":"https:\/\/www.pasveik.lt\/lt\/wp-json\/wp\/v2\/types\/page"}],"author":[{"embeddable":true,"href":"https:\/\/www.pasveik.lt\/lt\/wp-json\/wp\/v2\/users\/1"}],"replies":[{"embeddable":true,"href":"https:\/\/www.pasveik.lt\/lt\/wp-json\/wp\/v2\/comments?post=65822"}],"version-history":[{"count":0,"href":"https:\/\/www.pasveik.lt\/lt\/wp-json\/wp\/v2\/pages\/65822\/revisions"}],"wp:attachment":[{"href":"https:\/\/www.pasveik.lt\/lt\/wp-json\/wp\/v2\/media?parent=65822"}],"wp:term":[{"taxonomy":"post_tag","embeddable":true,"href":"https:\/\/www.pasveik.lt\/lt\/wp-json\/wp\/v2\/tags?post=65822"}],"curies":[{"name":"wp","href":"https:\/\/api.w.org\/{rel}","templated":true}]}}