{"id":65886,"date":"2021-02-10T17:18:39","date_gmt":"2021-02-10T19:18:39","guid":{"rendered":"https:\/\/www.pasveik.lt\/?page_id=65886"},"modified":"2021-02-10T17:18:39","modified_gmt":"2021-02-10T19:18:39","slug":"migrena","status":"publish","type":"page","link":"https:\/\/www.pasveik.lt\/lt\/migrena\/","title":{"rendered":"Migrena"},"content":{"rendered":"\n<div class=\"wp-block-columns is-layout-flex wp-container-core-columns-is-layout-9d6595d7 wp-block-columns-is-layout-flex\">\n<div class=\"wp-block-column is-layout-flow wp-block-column-is-layout-flow\">\n<figure class=\"wp-block-image size-large\"><img loading=\"lazy\" decoding=\"async\" width=\"440\" height=\"390\" src=\"https:\/\/pasveik.lt\/wp-content\/uploads\/2021\/02\/Migrena_1_1.jpg\" alt=\"\" class=\"wp-image-65887\" srcset=\"https:\/\/www.pasveik.lt\/wp-content\/uploads\/2021\/02\/Migrena_1_1.jpg 440w, https:\/\/www.pasveik.lt\/wp-content\/uploads\/2021\/02\/Migrena_1_1-300x266.jpg 300w\" sizes=\"auto, (max-width: 440px) 100vw, 440px\" \/><\/figure>\n<\/div>\n\n\n\n<div class=\"wp-block-column is-layout-flow wp-block-column-is-layout-flow\"><div class=\"ipsContainer container-block\">\r\n    <p>Migrena, tai l\u0117tinis epizodinis galvos skausmas, kur\u012f lydi nerv\u0173 sistemos, vir\u0161kinamojo trakto ir kiti simptomai.<br \/>\nMigrena serga apie 15% \u017emoni\u0173. Moterys serga 3-4 kartus da\u017eniau nei vyrai. Da\u017eniausiai serga darbingo am\u017eiaus \u017emon\u0117s (20-50 met\u0173), nors migrena gali sirgti bet kokio am\u017eiaus asmenys.<\/p>\n<p>Ligos negydant skausmas gali trukti 4-72 valandas. ir negydant skausmas neretai praeina po miego. Regos fenomenai da\u017eniausiai pasirei\u0161kia juodomis d\u0117m\u0117mis regos.<\/p>\n    <\/div>\r\n<\/div>\n<\/div>\n\n\n<div class=\"ipsContainer container-block\">\r\n    <h2 style=\"text-align: center;\"><strong>Simptomai ir po\u017eymiai<\/strong><\/h2>\n    <\/div>\r\n\n\n\n<div class=\"wp-block-columns is-layout-flex wp-container-core-columns-is-layout-9d6595d7 wp-block-columns-is-layout-flex\">\n<div class=\"wp-block-column is-layout-flow wp-block-column-is-layout-flow\">\n<div class=\"wp-block-columns is-layout-flex wp-container-core-columns-is-layout-9d6595d7 wp-block-columns-is-layout-flex\">\n<div class=\"wp-block-column is-layout-flow wp-block-column-is-layout-flow\"><div class=\"ipsContainer container-block\">\r\n    <p>Tipinei migrenos atakai b\u016bdingi vienas ar keli i\u0161 \u0161i\u0173 simptom\u0173:<br \/>\n&#8211; stiprus ar vidutinio stiprumo galvos skausmas<br \/>\n&#8211; pulsuojantis, tvinksintis skausmas<br \/>\n&#8211; skausmas stipr\u0117ja fizinio aktyvumo metu<br \/>\n&#8211; skausmas sutrikdo kasdien\u0119 veikl\u0105<br \/>\n&#8211; pykinimas su v\u0117mimu ar be jo<br \/>\n&#8211; padid\u0117j\u0119s jautrumas \u0161viesai, garsui<br \/>\n&#8211; vienpusis galvos skausmas<\/p>\n    <\/div>\r\n<\/div>\n\n\n\n<div class=\"wp-block-column is-layout-flow wp-block-column-is-layout-flow\">\n<figure class=\"wp-block-image size-large\"><img loading=\"lazy\" decoding=\"async\" width=\"440\" height=\"306\" src=\"https:\/\/pasveik.lt\/wp-content\/uploads\/2021\/02\/migrena_3_2.jpg\" alt=\"\" class=\"wp-image-65888\" srcset=\"https:\/\/www.pasveik.lt\/wp-content\/uploads\/2021\/02\/migrena_3_2.jpg 440w, https:\/\/www.pasveik.lt\/wp-content\/uploads\/2021\/02\/migrena_3_2-300x209.jpg 300w\" sizes=\"auto, (max-width: 440px) 100vw, 440px\" \/><\/figure>\n<\/div>\n<\/div>\n<\/div>\n<\/div>\n\n\n<div class=\"ipsContainer container-block\">\r\n    <h2 style=\"text-align: center;\"><strong>9 \u012fdom\u016bs faktai<\/strong><\/h2>\n    <\/div>\r\n\n\n\n<div class=\"wp-block-columns is-layout-flex wp-container-core-columns-is-layout-9d6595d7 wp-block-columns-is-layout-flex\">\n<div class=\"wp-block-column is-layout-flow wp-block-column-is-layout-flow\">\n<figure class=\"wp-block-image size-large\"><img loading=\"lazy\" decoding=\"async\" width=\"500\" height=\"280\" src=\"https:\/\/pasveik.lt\/wp-content\/uploads\/2021\/02\/migrena_7_2.jpg\" alt=\"\" class=\"wp-image-65889\" srcset=\"https:\/\/www.pasveik.lt\/wp-content\/uploads\/2021\/02\/migrena_7_2.jpg 500w, https:\/\/www.pasveik.lt\/wp-content\/uploads\/2021\/02\/migrena_7_2-300x168.jpg 300w\" sizes=\"auto, (max-width: 500px) 100vw, 500px\" \/><\/figure>\n\n\n\n<figure class=\"wp-block-image size-large\"><img loading=\"lazy\" decoding=\"async\" width=\"378\" height=\"335\" src=\"https:\/\/pasveik.lt\/wp-content\/uploads\/2021\/02\/Migard_3.jpg\" alt=\"\" class=\"wp-image-65890\" srcset=\"https:\/\/www.pasveik.lt\/wp-content\/uploads\/2021\/02\/Migard_3.jpg 378w, https:\/\/www.pasveik.lt\/wp-content\/uploads\/2021\/02\/Migard_3-300x266.jpg 300w\" sizes=\"auto, (max-width: 378px) 100vw, 378px\" \/><\/figure>\n<\/div>\n\n\n\n<div class=\"wp-block-column is-layout-flow wp-block-column-is-layout-flow\"><div class=\"ipsContainer container-block\">\r\n    <h4>1. Kiekvienais metais i\u0161sivys\u010diusiose \u0161alyse del migrenos prarandama 400 000 darbo ar mokymosi dien\u0173 (skai\u010diuojama 1 mln. populiacijos).<\/h4>\n<h4>\n2.Europos S\u0105jungos mastu \u012fvertinta, kad metiniai galvos skausmu ka\u0161tai siekia 155 mlrd. Eur.<\/h4>\n<h4>\n3.Europoje 40% gyventoj\u0173 jausdami galvos skausm\u0105 u\u017esiima savigyda.<\/h4>\n<h4>\n4.Pasaulin\u0117s sveikatos organizacijos duomenimis net 34% neurolog\u0173 konsultacij\u0173 vyksta migrenos skausm\u0173 klausimais.<\/h4>\n<h4>\n5.\u017demesnio pajam\u0173 lygio \u0161alyse del migrenos skausm\u0173 konsultacij\u0173 skai\u010dius siekia 20 %, auk\u0161tesniu \u2013 32 %.<\/h4>\n<h4>\n6.Globaliu mastu 40% besiskund\u017eian\u010di\u0173 galvos skausmu diagnozuojama migrena.<\/h4>\n<h4>\n7.Vaikai taip pat gali kent\u0117ti nuo migrenos \u2013 dalis j\u0173 jau b\u016bdami 12 met\u0173 patiria pirmuosius migrenos skausmus.<\/h4>\n<h4>\n8.Paskai\u010diuota, kad Amerikoje 36 milijonai \u017emoni\u0173 ken\u010dia nuo migrenos.<\/h4>\n<h4>\n9.Moterys triskart da\u017eniau ken\u010dia nuo migrenos.<\/h4>\n    <\/div>\r\n<\/div>\n<\/div>\n","protected":false},"excerpt":{"rendered":"","protected":false},"author":1,"featured_media":0,"parent":0,"menu_order":0,"comment_status":"closed","ping_status":"closed","template":"templates\/no-container.php","meta":{"_acf_changed":false,"footnotes":""},"tags":[],"class_list":["post-65886","page","type-page","status-publish","hentry"],"acf":[],"aioseo_notices":[],"_links":{"self":[{"href":"https:\/\/www.pasveik.lt\/lt\/wp-json\/wp\/v2\/pages\/65886","targetHints":{"allow":["GET"]}}],"collection":[{"href":"https:\/\/www.pasveik.lt\/lt\/wp-json\/wp\/v2\/pages"}],"about":[{"href":"https:\/\/www.pasveik.lt\/lt\/wp-json\/wp\/v2\/types\/page"}],"author":[{"embeddable":true,"href":"https:\/\/www.pasveik.lt\/lt\/wp-json\/wp\/v2\/users\/1"}],"replies":[{"embeddable":true,"href":"https:\/\/www.pasveik.lt\/lt\/wp-json\/wp\/v2\/comments?post=65886"}],"version-history":[{"count":0,"href":"https:\/\/www.pasveik.lt\/lt\/wp-json\/wp\/v2\/pages\/65886\/revisions"}],"wp:attachment":[{"href":"https:\/\/www.pasveik.lt\/lt\/wp-json\/wp\/v2\/media?parent=65886"}],"wp:term":[{"taxonomy":"post_tag","embeddable":true,"href":"https:\/\/www.pasveik.lt\/lt\/wp-json\/wp\/v2\/tags?post=65886"}],"curies":[{"name":"wp","href":"https:\/\/api.w.org\/{rel}","templated":true}]}}