{"id":65894,"date":"2021-02-10T17:23:37","date_gmt":"2021-02-10T19:23:37","guid":{"rendered":"https:\/\/www.pasveik.lt\/?page_id=65894"},"modified":"2021-02-10T17:23:37","modified_gmt":"2021-02-10T19:23:37","slug":"kosuliui-palengvinti","status":"publish","type":"page","link":"https:\/\/www.pasveik.lt\/lt\/kosuliui-palengvinti\/","title":{"rendered":"Kosuliui palengvinti"},"content":{"rendered":"\n<div class=\"wp-block-columns is-layout-flex wp-container-core-columns-is-layout-9d6595d7 wp-block-columns-is-layout-flex\">\n<div class=\"wp-block-column is-layout-flow wp-block-column-is-layout-flow\"><div class=\"ipsContainer container-block\">\r\n    <h2><strong>KAS YRA KOSULYS?<\/strong><\/h2>\n<p>&nbsp;<\/p>\n<p><a href=\"https:\/\/www.pasveik.lt\/lt\/ligos-ir-sindromai\/kosulys\/56468\">Kosulys<\/a>\u00a0\u2013 tai staigus apsauginis refleksas, kuris padeda i\u0161valyti kv\u0117pavimo takus: oras staiga pa\u0161alinamas i\u0161 plau\u010di\u0173 su trenksmingu garsu.\u00a0Kos\u0117dami mes i\u0161stumiame or\u0105 i\u0161 plau\u010di\u0173 su gana didele j\u0117ga, kuri leid\u017eia pa\u0161alinti svetimk\u016bnius i\u0161 kv\u0117pavimo tak\u0173 ar bronchuose susikaupusias gleives.<\/p>\n<p><strong>Ar \u017einojote, kad?<\/strong><\/p>\n<p>Kos\u0117dami sukuriame v\u0117jo g\u016bs\u012f, kurio greitis siekia nuo 1,5 m\/s iki 30 m\/s &#8211; tai prilygsta uragano grei\u010diui.<\/p>\n    <\/div>\r\n<\/div>\n\n\n\n<div class=\"wp-block-column is-layout-flow wp-block-column-is-layout-flow\">\n<figure class=\"wp-block-image size-large\"><img loading=\"lazy\" decoding=\"async\" width=\"392\" height=\"334\" src=\"https:\/\/pasveik.lt\/wp-content\/uploads\/2021\/02\/Flavamed_pav__3.jpg\" alt=\"\" class=\"wp-image-65895\" srcset=\"https:\/\/www.pasveik.lt\/wp-content\/uploads\/2021\/02\/Flavamed_pav__3.jpg 392w, https:\/\/www.pasveik.lt\/wp-content\/uploads\/2021\/02\/Flavamed_pav__3-300x256.jpg 300w\" sizes=\"auto, (max-width: 392px) 100vw, 392px\" \/><\/figure>\n<\/div>\n<\/div>\n\n\n<div class=\"ipsContainer container-block\">\r\n    <h2 style=\"text-align: center;\"><strong>Koks b\u016bna kosulys?<\/strong><\/h2>\n    <\/div>\r\n\n\n\n<div class=\"wp-block-columns is-layout-flex wp-container-core-columns-is-layout-9d6595d7 wp-block-columns-is-layout-flex\">\n<div class=\"wp-block-column is-layout-flow wp-block-column-is-layout-flow\"><div class=\"ipsContainer container-block\">\r\n    <p><strong>Sausas kosulys<\/strong>\u00a0\u2013 kai \u017emogus nieko neatsikosti. \u0160is kosulys pasirei\u0161kia virusin\u0117s kv\u0117pavimo tak\u0173 infekcijos prad\u017eioje. sausas kosulys gali atsirasti infekcijai patekus \u012f kv\u0117pavimo takus ar \u012fkv\u0117pus \u0161alto oro.<\/p>\n    <\/div>\r\n<\/div>\n\n\n\n<div class=\"wp-block-column is-layout-flow wp-block-column-is-layout-flow\"><div class=\"ipsContainer container-block\">\r\n    <p><strong>Dr\u0117gnas kosulys<\/strong>\u00a0\u2013 kai atkos\u0117jami skrepliai, su kuriais i\u0161 kv\u0117pavimo tak\u0173 pa\u0161alinami ligos suk\u0117l\u0117jai. Dr\u0117gno kosulio slopinti nereikia, jis gydomas vaistais, skystinan\u010diais susikaupusius skreplius bei lengvinan\u010diais j\u0173 atsikos\u0117jim\u0105.<\/p>\n    <\/div>\r\n<\/div>\n<\/div>\n\n\n\n<div class=\"wp-block-columns is-layout-flex wp-container-core-columns-is-layout-9d6595d7 wp-block-columns-is-layout-flex\">\n<div class=\"wp-block-column is-layout-flow wp-block-column-is-layout-flow\">\n<figure class=\"wp-block-image size-large\"><img loading=\"lazy\" decoding=\"async\" width=\"398\" height=\"384\" src=\"https:\/\/pasveik.lt\/wp-content\/uploads\/2021\/02\/Flavamed_etiketas_1.jpg\" alt=\"\" class=\"wp-image-65896\" srcset=\"https:\/\/www.pasveik.lt\/wp-content\/uploads\/2021\/02\/Flavamed_etiketas_1.jpg 398w, https:\/\/www.pasveik.lt\/wp-content\/uploads\/2021\/02\/Flavamed_etiketas_1-300x289.jpg 300w\" sizes=\"auto, (max-width: 398px) 100vw, 398px\" \/><\/figure>\n<\/div>\n\n\n\n<div class=\"wp-block-column is-layout-flow wp-block-column-is-layout-flow\"><div class=\"ipsContainer container-block\">\r\n    <h3><b>Ar \u017einote, koks yra kos\u0117jimo etiketas?<\/b><\/h3>\n<p>&nbsp;<\/p>\n<h4>\u2022 Kosint ar \u010diaudint prisidengti nos\u012f ir burn\u0105 vienkartin\u0117mis servet\u0117l\u0117mis,<\/h4>\n<h4>\u2022 Panaudotas servet\u0117les i\u0161mesti \u012f \u0161iuk\u0161liad\u0117\u017e\u0119;<br \/>\n\u2022Jei neturite servet\u0117l\u0117s, tai kos\u0117jant ar \u010diaudint, u\u017edenkite burn\u0105 alk\u016bne, o ne savo rankomis.<\/h4>\n<h5><\/h5>\n<h3>3 \u012fdom\u016bs faktai:<\/h3>\n<ol>\n<li>J\u016bs\u0173 kosulys gali b\u016bti labai garsus ir siekti iki 90 decibel\u0173.<\/li>\n<li><b>17,8 DIENOS.<\/b>\u00a0Tai yra vidutinis laikas, per kur\u012f kosulys i\u0161nyksta.<\/li>\n<li><b><\/b>Vidutini\u0161kai kosulys oru u\u017epildo 75% 2l t\u016brio butel\u012f.<\/li>\n<\/ol>\n    <\/div>\r\n<\/div>\n<\/div>\n\n\n<div class=\"ipsContainer container-block\">\r\n    <h2 style=\"text-align: center;\"><strong>Kaip palengvinti dr\u0117gn\u0105 kosul\u012f?<\/strong><\/h2>\n<p>&nbsp;<\/p>\n<p>Kosuliui palegvinti rekomenduojami vartoti atsikos\u0117jim\u0105 lenginantys vaistai. Gydymo esm\u0117 \u2013 skystinti kv\u0117pavimo takuose besikaupian\u010dias gleives ir palegvinti j\u0173 atkos\u0117jim\u0105. Susikaupusios gleiv\u0117s palanki terp\u0117 bakterijoms daugintis.<\/p>\n<p>&nbsp;<\/p>\n<h2 style=\"text-align: center;\"><b>\u00a03 efektyv\u016bs b\u016bdai<\/b><\/h2>\n<h2><\/h2>\n<p><a href=\"https:\/\/www.pasveik.lt\/lt\/vaistai\/-\/10085\">Flavamed<\/a>\u00a0pasi\u017eymi dvejopu poveikiu \u2013 jis skystina gleives kv\u0117pavimo takuose ir langvina j\u0173 atkos\u0117jim\u0105.\u00a0<a href=\"https:\/\/www.pasveik.lt\/lt\/ligos-ir-sindromai\/kosulys\/56468\">Kosulys<\/a>\u00a0ne tik tampa ma\u017eiau varginantis, bet ir suma\u017e\u0117ja komplikacij\u0173 pavojus.<\/p>\n    <\/div>\r\n\n\n\n<div class=\"wp-block-columns is-layout-flex wp-container-core-columns-is-layout-9d6595d7 wp-block-columns-is-layout-flex\">\n<div class=\"wp-block-column is-layout-flow wp-block-column-is-layout-flow\"><div class=\"ipsContainer container-block\">\r\n    <p><b><a href=\"https:\/\/www.pasveik.lt\/lt\/vaistai\/flavamed\/10335\/\" target=\"_blank\" rel=\"noopener\">Flavamed 60 mg \u0161nyp\u0161\u010diosios tablet\u0117s.\u00a0&gt;&gt;&gt;<\/a><\/b><\/p>\n    <\/div>\r\n<\/div>\n\n\n\n<div class=\"wp-block-column is-layout-flow wp-block-column-is-layout-flow\"><div class=\"ipsContainer container-block\">\r\n    <p><strong><a href=\"https:\/\/www.pasveik.lt\/lt\/vaistai\/flavamed\/10085\/\" target=\"_blank\" rel=\"noopener\">Flavamed 30 mg tablet\u0117s&gt;&gt;<\/a><\/strong><\/p>\n    <\/div>\r\n<\/div>\n\n\n\n<div class=\"wp-block-column is-layout-flow wp-block-column-is-layout-flow\"><div class=\"ipsContainer container-block\">\r\n    <p><b><a href=\"https:\/\/www.pasveik.lt\/lt\/vaistai\/flavamed-ambroxol-fontane-\/11491\/\" target=\"_blank\" rel=\"noopener\">Flavamed 30 mg\/5 ml geriamasis tirpalas.\u00a0&gt;&gt;&gt;<\/a><\/b><\/p>\n    <\/div>\r\n<\/div>\n<\/div>\n\n\n<div class=\"ipsContainer container-block\">\r\n    <p>Nereceptinis vaistas. Flavamed 30 mg tablet\u0117s. Vienoje tablet\u0117je yra 30 mg ambroksolio hidrochlorido. Flavamed 60 mg \u0161nyp\u0161\u010diosios tablet\u0117s. Vienoje tablet\u0117je yra 60 mg ambroksolio hidrochlorido. Flavamed 30 mg\/5 ml geriamasis tirpalas. Kiekviename matavimo \u0161auk\u0161te su 5 ml geriamojo tirpalo yra 30 mg ambroksolio hidrochlorido. Flavamed 15 mg\/5 ml geriamasis tirpalas. Kiekviename matavimo \u0161auk\u0161te su 5 ml geriamojo tirpalo yra 15 mg ambroksolio hidrochlorido. Terapin\u0117s indikacijos.\u00a0<b>Flavamed vartojamas sergant plau\u010di\u0173<\/b>\u00a0<b>ir bronch\u0173 ligomis, kai susidaro klampios gleiv\u0117s. Suskystina klampias gleives ir jos gali<\/b>\u00a0<b>lengviau pasi\u0161alinti.\u00a0<\/b>Vartojimo b\u016bdas. Geriamasis tirpalas vartojamas po valgio naudojant matavimo \u0161auk\u0161t\u0105. \u0160nyp\u0161\u010diosios tablet\u0117s i\u0161tirpinamos stiklin\u0117je vandens ir tirpalas geriamas po valgio. 30 mg tabletes reikia nuryti nesukramtytas po valgio, u\u017esigerti pakankamu skys\u010dio kiekiu. Suaugusiems ir vaikams vyresniems kaip 12 met\u0173 po 30 mg ambroksolio hidrochlorido 3 kartus per par\u0105 pirm\u0105sias 2 ar 3 dienas, v\u0117liau \u2013 po 30 mg ambroksolio hidrochlorido 2 kartus per par\u0105. 6-12 met\u0173 vaikams po 15 mg ambroksolio hidrochlorido 2 -3 kartus per par\u0105, 2-5 met\u0173 vaikams po 7,5 mg 3 kartus per par\u0105. Be gydytojo nurodymo ilgiau kaip 4 &#8211; 5 dienas Flavamed vartoti negalima. Kontraindikacijos: padid\u0117j\u0119s jautrumas veikliajai arba bet kuriai pagalbinei med\u017eiagai. Flavamed 30 mg table\u010di\u0173 negalima vartoti vaikams iki 6 met\u0173. Flavamed 60 mg \u0161nyp\u0161\u010di\u0173j\u0173 table\u010di\u0173 negalima vartoti vaikams iki 12 met\u0173. Flavamed 30mg\/5ml ir 15 mg\/5ml geriamojo tirpalo negalima vartoti vaikams iki 2 met\u0173. Special\u016bs \u012fsp\u0117jimai. Atsargiai reik\u0117t\u0173 vartoti pacientams sutrikus bronch\u0173 epitelio motorikai ir esant gausiai sekrecijai; sutrikus inkst\u0173 funkcijai arba sergant sunkia kepen\u0173 liga; praeityje buvus pepsin\u0119 op\u0105; esant histamino netoleravimui. Negalima vartoti pacientams, kuriems nustatytas galaktoz\u0117s arba fruktoz\u0117s netoleravimas, laktaz\u0117s tr\u016bkumas, gliukoz\u0117sgalaktoz\u0117s absorbcijos sutrikimas.<\/p>\n<p>Pasitarkite su gydytoju arba vaistininku, prie\u0161\u00a0prad\u0117dami vartoti Flavamed, jeigu jums praeityje pasitaik\u0117 labai sunki\u0173 padid\u0117jusio jautrumo reakcij\u0173 (Stivenso-D\u017eonsono sindromas ir Lajelio sindromas).<\/p>\n<p>Pra\u0161ome \u012fd\u0117miai perskaityti pakuot\u0117s lapel\u012f ir vaist\u0105 vartoti kaip nurodyta. Netinkamai vartojamas vaistas gali pakenkti J\u016bs\u0173 sveikatai. Jei simptomai nepraeina ar atsirado \u0161alutinis poveikis, d\u0117l tolesnio vaisto vartojimo b\u016btina pasitarti su gydytoju ar vaistininku. Jeigu \u012ftariate, kad Jums pasirei\u0161k\u0117 \u0161alutinis poveikis, apie j\u012f prane\u0161kite savo gydytojui, vaistininkui ar Valstybinei vaist\u0173 kontrol\u0117s tarnybai prie LR SAM el. pa\u0161tu NepageidaujamaR@vvkt.lt arba kitais b\u016bdais, nurodytais jos interneto svetain\u0117je www.vvkt.lt<\/p>\n<p>Reklama paruo\u0161ta 2019m. spalio m\u0117n.<\/p>\n<p>&nbsp;<\/p>\n<p>&nbsp;<\/p>\n<p>UAB \u201eBERLIN CHEMIE MENARINI BALTIC\u201c, Jasinskio g. 16a, Vilnius Lt-03163, tel. +370 5 269 19 47,\u00a0<a href=\"mailto:LT@berlin-chemie.com\">LT@berlin-chemie.com<\/a><\/p>\n    <\/div>\r\n\n\n\n<p><\/p>\n","protected":false},"excerpt":{"rendered":"","protected":false},"author":1,"featured_media":0,"parent":0,"menu_order":0,"comment_status":"closed","ping_status":"closed","template":"templates\/no-container.php","meta":{"_acf_changed":false,"footnotes":""},"tags":[],"class_list":["post-65894","page","type-page","status-publish","hentry"],"acf":[],"aioseo_notices":[],"_links":{"self":[{"href":"https:\/\/www.pasveik.lt\/lt\/wp-json\/wp\/v2\/pages\/65894","targetHints":{"allow":["GET"]}}],"collection":[{"href":"https:\/\/www.pasveik.lt\/lt\/wp-json\/wp\/v2\/pages"}],"about":[{"href":"https:\/\/www.pasveik.lt\/lt\/wp-json\/wp\/v2\/types\/page"}],"author":[{"embeddable":true,"href":"https:\/\/www.pasveik.lt\/lt\/wp-json\/wp\/v2\/users\/1"}],"replies":[{"embeddable":true,"href":"https:\/\/www.pasveik.lt\/lt\/wp-json\/wp\/v2\/comments?post=65894"}],"version-history":[{"count":0,"href":"https:\/\/www.pasveik.lt\/lt\/wp-json\/wp\/v2\/pages\/65894\/revisions"}],"wp:attachment":[{"href":"https:\/\/www.pasveik.lt\/lt\/wp-json\/wp\/v2\/media?parent=65894"}],"wp:term":[{"taxonomy":"post_tag","embeddable":true,"href":"https:\/\/www.pasveik.lt\/lt\/wp-json\/wp\/v2\/tags?post=65894"}],"curies":[{"name":"wp","href":"https:\/\/api.w.org\/{rel}","templated":true}]}}