{"id":65917,"date":"2021-02-10T19:08:06","date_gmt":"2021-02-10T21:08:06","guid":{"rendered":"https:\/\/www.pasveik.lt\/?page_id=65917"},"modified":"2021-02-10T19:08:07","modified_gmt":"2021-02-10T21:08:07","slug":"geresniam-virskinimui","status":"publish","type":"page","link":"https:\/\/www.pasveik.lt\/lt\/geresniam-virskinimui\/","title":{"rendered":"Geresniam vir\u0161kinimui"},"content":{"rendered":"<div class=\"ipsContainer container-block\">\r\n    <h2 style=\"text-align: center;\"><strong>Kod\u0117l kyla vir\u0161kinimo problem\u0173?<\/strong><\/h2>\n    <\/div>\r\n\n\n\n<div class=\"wp-block-columns is-layout-flex wp-container-core-columns-is-layout-9d6595d7 wp-block-columns-is-layout-flex\">\n<div class=\"wp-block-column is-layout-flow wp-block-column-is-layout-flow\">\n<figure class=\"wp-block-image size-large\"><img loading=\"lazy\" decoding=\"async\" width=\"400\" height=\"400\" src=\"https:\/\/pasveik.lt\/wp-content\/uploads\/2021\/02\/virskinimo_problemos_1.jpg\" alt=\"\" class=\"wp-image-65918\" srcset=\"https:\/\/www.pasveik.lt\/wp-content\/uploads\/2021\/02\/virskinimo_problemos_1.jpg 400w, https:\/\/www.pasveik.lt\/wp-content\/uploads\/2021\/02\/virskinimo_problemos_1-300x300.jpg 300w, https:\/\/www.pasveik.lt\/wp-content\/uploads\/2021\/02\/virskinimo_problemos_1-150x150.jpg 150w\" sizes=\"auto, (max-width: 400px) 100vw, 400px\" \/><\/figure>\n<\/div>\n\n\n\n<div class=\"wp-block-column is-layout-flow wp-block-column-is-layout-flow\"><div class=\"ipsContainer container-block\">\r\n    <p>Nevir\u0161kinimo, pilnumo, vir\u0161utin\u0117s pilvo tempimo poj\u016btis gali atsirasti d\u0117l labai \u012fvairi\u0173 prie\u017eas\u010di\u0173. Da\u017eniausia \u2013 gausesnis nei \u012fprastai suvalgomas maisto kiekis.\u00a0<strong><a href=\"https:\/\/www.pasveik.lt\/lt\/sveikatos-ir-medicinos-naujienos\/susprogdinti-mitai-apie-sutrikusi-virskinima-\/73796\/\" target=\"_blank\" rel=\"noopener\">Vir\u0161kinimo problemos<\/a>\u00a0<\/strong>gali i\u0161tikti tuomet, kai \u017emon\u0117s ma\u017eai valgo dien\u0105 ir gausiai prisivalgo vakarais po darbo, savaitgaliais, kuomet daugiau laiko praleid\u017eiama namuose, daugiau gaminama ir valgoma \u012fvairesnio maisto, \u012fvairi\u0173 \u0161ven\u010di\u0173 metu.<\/p>\n<p>&nbsp;<\/p>\n<p>Patekus kiek didesniam nei \u012fprastai maisto kiekiui \u012f skrand\u012f ir pradin\u0119 \u017earnyno dal\u012f, vir\u0161kinimo sistemos gaminam\u0173 ferment\u0173 nepakanka u\u017etikrinti greitam ir efektyviam maisto med\u017eiag\u0173 suskaidymui.<\/p>\n    <\/div>\r\n<\/div>\n<\/div>\n\n\n<div class=\"ipsContainer container-block\">\r\n    <h2 style=\"text-align: center;\">\u00a0<strong>K\u0105 daryti, norint to i\u0161vengti?<\/strong><\/h2>\n    <\/div>\r\n\n\n\n<div class=\"wp-block-columns is-layout-flex wp-container-core-columns-is-layout-9d6595d7 wp-block-columns-is-layout-flex\">\n<div class=\"wp-block-column is-layout-flow wp-block-column-is-layout-flow\"><div class=\"ipsContainer container-block\">\r\n    <p>Norint i\u0161vengti vir\u0161kinimo problem\u0173, reik\u0117t\u0173\u00a0 stengtis nepa\u017eeisti mitybos r\u0117\u017eimo \u2013 valgyti da\u017enai, nedideliais kiekiais, nemai\u0161yti labai \u012fvairi\u0173, ne\u012fprast\u0173 maisto produkt\u0173.<\/p>\n<p>&nbsp;<\/p>\n<p>&nbsp;<\/p>\n<p>Tam, kad nekankint\u0173\u00a0<strong><a href=\"https:\/\/www.pasveik.lt\/lt\/sveikatos-ir-medicinos-naujienos\/sutriko-sklandus-skrandzio-darbas-sprendimas-yra-\/73751\/\" target=\"_blank\" rel=\"noopener\">vir\u0161kinimo sutrikimai<\/a><\/strong>, \u0161ven\u010di\u0173 metu reik\u0117t\u0173 taip pat\u00a0<strong><a href=\"https:\/\/www.pasveik.lt\/lt\/sveikatos-ir-medicinos-naujienos\/didziausias-virskinimo-kenkejas---persivalgymas-\/73155\/\" target=\"_blank\" rel=\"noopener\">neprisivalgyti<\/a><\/strong>\u00a0gausiai i\u0161 karto, geriau kelis kartus pris\u0117sti prie stalo, padaryti nedideles pertraukas tarp valgym\u0173.<\/p>\n    <\/div>\r\n<\/div>\n\n\n\n<div class=\"wp-block-column is-layout-flow wp-block-column-is-layout-flow\">\n<figure class=\"wp-block-image size-large\"><img loading=\"lazy\" decoding=\"async\" width=\"500\" height=\"355\" src=\"https:\/\/pasveik.lt\/wp-content\/uploads\/2021\/02\/virskinimo_problemos_2__2.jpg\" alt=\"\" class=\"wp-image-65919\" srcset=\"https:\/\/www.pasveik.lt\/wp-content\/uploads\/2021\/02\/virskinimo_problemos_2__2.jpg 500w, https:\/\/www.pasveik.lt\/wp-content\/uploads\/2021\/02\/virskinimo_problemos_2__2-300x213.jpg 300w\" sizes=\"auto, (max-width: 500px) 100vw, 500px\" \/><\/figure>\n<\/div>\n<\/div>\n\n\n<div class=\"ipsContainer container-block\">\r\n    <h2 style=\"text-align: center;\"><strong>Kas padeda vir\u0161kinimui?<br \/>\n<\/strong><\/h2>\n<p><img loading=\"lazy\" decoding=\"async\" style=\"resize: none; position: static; display: block; height: 400px; width: 627px;\" src=\"https:\/\/www.pasveik.lt\/wp-content\/uploads\/2021\/02\/Mezym_10000_box_N10_proof_20140114_2.jpg\" alt=\"pasveik.lt\" width=\"627\" height=\"400\" \/><\/p>\n<h2 style=\"text-align: center;\"><strong>Mezym\u00a0 &#8211; geresniam vir\u0161kinimui!<\/strong><\/h2>\n<p style=\"text-align: right;\"><strong><a href=\"https:\/\/www.pasveik.lt\/lt\/vaistai\/mezym-10000-v\/7554\/\" target=\"_blank\" rel=\"noopener\">Pakuot\u0117s lapelis\u00a0&gt;&gt;<\/a><\/strong><\/p>\n<p><b>MEZYM 10 000 V skrandyje neirios tablet\u0117s<\/b>. Nereceptinis vaistas. Sud\u0117tis: vienoje skrandyje neirioje tablet\u0117je yra 80,00 mg\u2013111,11 mg kiauli\u0173 kasos milteli\u0173, kuri\u0173 aktyvumas atitinka ne ma\u017eiau kaip 10 000 lipaz\u0117s vienet\u0173, 7500 amilaz\u0117s vienet\u0173, 375 proteaz\u0117s vienetus pagal Europos farmakop\u0117j\u0105. Farmacin\u0117 forma: skrandyje neiri tablet\u0117. Indikacijos: Mezym vartojamas tuomet, kai kasa nepakankamai gamina ir i\u0161skiria vir\u0161kinimo ferment\u0173 ir tai sukelia vir\u0161kinimo sutrikim\u0173. Dozavimas ir vartojimo b\u016bdas: optimali doz\u0117 nustatoma individualiai. Da\u017eniausiai valgio metu i\u0161geriamos 2\u20134 tablet\u0117s. Sergantiesiems cistine fibroze, doz\u0117 neturi vir\u0161yti fermento kiekio, kuris reikalingas suvalgytame maiste esan\u010dio riebal\u0173 kiekio suvir\u0161kinimui. Vaisto doz\u0117 gali b\u016bti didinama tik gydytojui pri\u017ei\u016brint. Dienos doze (15 000\u201320 000 lipaz\u0117s vienet\u0173 k\u016bno svorio kilogramui) netur\u0117t\u0173 b\u016bti vir\u0161ijama. Dozes vaikams turi nustatyti gydytojas. Tablet\u0117s praryjamos nesukram\u010dius ir u\u017esigeriant dideliu kiekiu skys\u010dio. Vaisto vartojimo trukm\u0119 nustato gydytojas. Special\u016bs \u012fsp\u0117jimai: cistin\u0117 fibroz\u0117 kartais gali komplikuotis \u017earnyno nepraeinamumu. Esant simptomams, pana\u0161iems \u012f \u017earnyno nepraeinamumo po\u017eymius, reikia \u012fvertinti \u017earnyno susiaur\u0117jimo susidarymo galimyb\u0119. Mezym sud\u0117tyje yra laktoz\u0117s Jeigu gydytojas Jums yra sak\u0119s, kad netoleruojate koki\u0173 nors angliavandeni\u0173, kreipkit\u0117s \u012f j\u012f prie\u0161 prad\u0117dami vartoti \u0161\u012f vaist\u0105. Mezum 10000 V sud\u0117tyje yra da\u017eiklio azorubino (E 122), kuris gali sukelti alergines reakcijas. Kontraindikacijos: jeigu yra alergija kasos milteliams arba bet kuriai pagalbinei med\u017eiagai. \u016aminis arba pa\u016bm\u0117j\u0119s l\u0117tinis pankreatitas, kol ligos po\u017eymiai yra stipriai i\u0161reik\u0161ti.Pra\u0161ome \u012fd\u0117miai perskaityti pakuot\u0117s lapel\u012f ir vaist\u0105 vartoti, kaip nurodyta. Netinkamai vartojamas vaistas gali pakenkti J\u016bs\u0173 sveikatai. Jei simptomai nepraeina ar atsirado \u0161alutinis poveikis, d\u0117l tolesnio vaisto vartojimo b\u016btina pasitarti su gydytoju ar vaistininku.Jeigu \u012ftariate, kad Jums pasirei\u0161k\u0117 \u0161alutinis poveikis, apie j\u012f prane\u0161kite savo gydytojui, vaistininkui ar Valstybinei vaist\u0173 kontrol\u0117s tarnybai prie LR SAM el. pa\u0161tu NepageidaujamaR@vvkt.lt arba kitais b\u016bdais, nurodytais jos interneto svetain\u0117je www.vvkt.lt<\/p>\n<h2 style=\"text-align: center;\"><b>Mezym\u00a0 &#8211; geresniam vir\u0161kinimui!<\/b><\/h2>\n<p style=\"text-align: right;\"><img loading=\"lazy\" decoding=\"async\" class=\"alignleft\" src=\"https:\/\/www.pasveik.lt\/wp-content\/uploads\/2021\/02\/Mezym_20000.jpg\" alt=\"pasveik.lt\" width=\"576\" height=\"400\" \/><br \/>\n<a href=\"https:\/\/www.pasveik.lt\/lt\/vaistai\/mezym-20000-v-skrandyje-neirios-tabletes\/5050\/\">\u00a0\u00a0Pakuot\u0117s lapelis\u00a0&gt;&gt;<\/a><\/p>\n<p>&nbsp;<\/p>\n<p><b>Mezym 20 000 V skrandyje neirios tablet\u0117s<\/b>. Nereceptinis vaistas. Sud\u0117tis: Vienoje skrandyje neirioje tablet\u0117je yra 160,00 \u2013 222,22 mg kasos milteli\u0173 (i\u0161 kiauli\u0173 kasos pagaminto pankreatino), kuri\u0173 minimalus aktyvumas atitinka 20 000 lipaz\u0117s vienet\u0173, 12 000 amilaz\u0117s vienet\u0173, 900 proteaz\u0117s vienet\u0173 pagal Europos farmakop\u0117j\u0105. Terapin\u0117s indikacijos: Mezym yra vaistas, kurio sud\u0117tyjeyra vir\u0161kinim\u0105 veikian\u010di\u0173 med\u017eiag\u0173 ferment\u0173, gaunam\u0173 i\u0161 kiauli\u0173 kasos (kasos milteliai, taip pat vadinami pankreatinu). Mezym vartojamas tuomet, kai kasa nepakankamai gamina ir i\u0161skiria vir\u0161kinimo ferment\u0173 ir tai sukelia vir\u0161kinimo sutrikim\u0173. Vartojimo b\u016bdas ir dozavimas: Rekomenduojama doz\u0117 yra: 1-2 tablet\u0117s vienam valgymui (atitinka 20 000 \u2013 40 000 lipaz\u0117s vienet\u0173 pagal Europos farmakop\u0117jos). Mezym dozes priklauso nuo vir\u0161kinimo sutrikim\u0173 sunkumo laipsnio. Kiekvienam pacientui optimali doz\u0117 nustatoma individualiai. Priklausomai nuo maisto ir vir\u0161kinimo sutrikimo sunkumo, doz\u0117 gali b\u016bti \u017eymiai padidinta. Sergantiesiems cistine fibroze, doz\u0117 neturi vir\u0161yti fermento kiekio, kuris reikalingas suvalgytame maiste esan\u010dio riebal\u0173 kiekiui suvir\u0161kinti. Vaisto doz\u0117 gali b\u016bti didinama tik gydytojui pri\u017ei\u016brint ir \u012fvertinus ligos po\u017eymius (pavyzd\u017eiui, riebal\u0173 kiek\u012f i\u0161matose ir pilvo skausm\u0173 intensyvum\u0105). Dienos doz\u0117 15 000-20 000 lipaz\u0117s vienet\u0173 kilogramui k\u016bno svorio netur\u0117t\u0173 b\u016bti vir\u0161ijama. Vartojimas vaikams. Doz\u0119 vaikams turi nustatyti gydytojas. Vartojimo metodas. Mezym nuryjamas nekramtant ir u\u017esigeriant dideliu skys\u010dio kiekiu, pageidautina valgymo viduryje. B\u016btinai prarykite tablet\u0119 vis\u0105, nes kramtant Mezym 20000 V veiksmingumas gali suma\u017e\u0117ti, o atsipalaidav\u0119 fermentai gali pa\u017eeisti burnos gleivin\u0119. Po to gausiai i\u0161gerkite skys\u010di\u0173 (vandens arba sul\u010di\u0173). Special\u016bs \u012fsp\u0117jimai: Pasitarkite su gydytoju ir vaistininku, prie\u0161 prad\u0117dami vartoti Mezym. Cistin\u0117 fibroz\u0117 kartais gali komplikuotis \u017earnyno nepraeinamumu. Esant simptomams, pana\u0161iems \u012f \u017earnyno nepraeinamumo po\u017eymius, reikia apsvarstyti \u017earnyno susiaur\u0117jimo galimyb\u0119. Jeigu jums atsirado ne\u012fprastas diskomfortas skrandyje ar \u017earnyne, ar pasikeit\u0117 nusiskundim\u0173 pob\u016bdis, b\u016btinai kreipkit\u0117s \u012f gydytoj\u0105, kuris jus ap\u017ei\u016br\u0117s tikslu atmesti \u017earn\u0173 pa\u017eeidimo galimyb\u0119. Tai ypa\u010d aktualu atvejais, jeigu per par\u0105 suvartojama daugiau kaip 10000 vienet\u0173 lipaz\u0117s kilogramui k\u016bno svorio. \u0160io vaisto sud\u0117tyje yra ferment\u0173, kuriems atsipalaidavus burnos ertm\u0117je (tablet\u0119 sukram\u010dius), gali b\u016bti pa\u017eeista burnos gleivin\u0117 (pvz., atsirasti opos). Mezym b\u016btinai reikia b\u016btinai nuryti nekram\u010dius. Kontraindikacijos: jeigu yra alergija kasos milteliams, kiaul\u0117s (baltymams) arba bet kuriai pagalbinei \u0161io vaisto med\u017eiagai, \u0161io vaisto negalima vartoti, jeigu j\u016bs sergate \u016bminiu kasos u\u017edegimu (pankreatitu) arba jums pa\u016bm\u0117jo l\u0117tinis kasos u\u017edegimas, kai ligos po\u017eymiai yra stipriai i\u0161reik\u0161ti. Mezym sud\u0117tyje yra laktoz\u0117s Jeigu gydytojas Jums yra sak\u0119s, kad netoleruojate koki\u0173 nors angliavandeni\u0173, kreipkit\u0117s \u012f j\u012f prie\u0161 prad\u0117dami vartoti \u0161\u012f vaist\u0105.Pra\u0161ome \u012fd\u0117miai perskaityti pakuot\u0117s lapel\u012f ir vaist\u0105 vartoti, kaip nurodyta. Netinkamai vartojamas vaistas gali pakenkti J\u016bs\u0173 sveikatai. Jei simptomai nepraeina ar atsirado \u0161alutinis poveikis, d\u0117l tolesnio vaisto vartojimo b\u016btina pasitarti su gydytoju ar vaistininku.Jeigu \u012ftariate, kad Jums pasirei\u0161k\u0117 \u0161alutinis poveikis, apie j\u012f prane\u0161kite savo gydytojui, vaistininkui ar Valstybinei vaist\u0173 kontrol\u0117s tarnybai prie LR SAM el. pa\u0161tu NepageidaujamaR@vvkt.lt arba kitais b\u016bdais, nurodytais jos interneto svetain\u0117je www.vvkt.lt<\/p>\n<p>Reklama paruo\u0161ta 2020 m. sausio m\u0117n.<\/p>\n<p><img loading=\"lazy\" decoding=\"async\" src=\"https:\/\/www.pasveik.lt\/wp-content\/uploads\/2021\/02\/logo_BCM__1.jpg\" alt=\"pasveik.lt\" width=\"144\" height=\"40\" \/><\/p>\n<p>Jasinskio g. 16 A, Vilnius Lt-03163, tel. +370 5 269 19 47, LT@berlin-chemie.com<\/p>\n    <\/div>\r\n","protected":false},"excerpt":{"rendered":"","protected":false},"author":1,"featured_media":0,"parent":0,"menu_order":0,"comment_status":"closed","ping_status":"closed","template":"templates\/no-container.php","meta":{"_acf_changed":false,"footnotes":""},"tags":[],"class_list":["post-65917","page","type-page","status-publish","hentry"],"acf":[],"aioseo_notices":[],"_links":{"self":[{"href":"https:\/\/www.pasveik.lt\/lt\/wp-json\/wp\/v2\/pages\/65917","targetHints":{"allow":["GET"]}}],"collection":[{"href":"https:\/\/www.pasveik.lt\/lt\/wp-json\/wp\/v2\/pages"}],"about":[{"href":"https:\/\/www.pasveik.lt\/lt\/wp-json\/wp\/v2\/types\/page"}],"author":[{"embeddable":true,"href":"https:\/\/www.pasveik.lt\/lt\/wp-json\/wp\/v2\/users\/1"}],"replies":[{"embeddable":true,"href":"https:\/\/www.pasveik.lt\/lt\/wp-json\/wp\/v2\/comments?post=65917"}],"version-history":[{"count":0,"href":"https:\/\/www.pasveik.lt\/lt\/wp-json\/wp\/v2\/pages\/65917\/revisions"}],"wp:attachment":[{"href":"https:\/\/www.pasveik.lt\/lt\/wp-json\/wp\/v2\/media?parent=65917"}],"wp:term":[{"taxonomy":"post_tag","embeddable":true,"href":"https:\/\/www.pasveik.lt\/lt\/wp-json\/wp\/v2\/tags?post=65917"}],"curies":[{"name":"wp","href":"https:\/\/api.w.org\/{rel}","templated":true}]}}